{"id":580,"date":"2025-08-19T05:54:33","date_gmt":"2025-08-19T05:54:33","guid":{"rendered":"https:\/\/nbhypnos.com\/?page_id=580"},"modified":"2025-08-27T13:07:57","modified_gmt":"2025-08-27T13:07:57","slug":"danh-gia-tu-khach-hang","status":"publish","type":"page","link":"https:\/\/nbhypnos.com\/vi\/danh-gia-tu-khach-hang\/","title":{"rendered":"\u0110\u00e1nh gi\u00e1"},"content":{"rendered":"\n\t<section class=\"section sec-top-title\" id=\"section_1367925642\">\n\t\t<div class=\"section-bg fill\" >\n\t\t\t<img loading=\"lazy\" decoding=\"async\" width=\"1440\" height=\"252\" src=\"https:\/\/nbhypnos.com\/wp-content\/uploads\/2025\/07\/About-Us.png\" class=\"bg attachment-original size-original\" alt=\"\" \/>\t\t\t\t\t\t\n\t\t\t\n\n\t\t<\/div>\n\n\t\t\n\n\t\t<div class=\"section-content relative\">\n\t\t\t\n<div class=\"row row-collapse align-center\"  id=\"row-1070523266\">\n\n\t<div id=\"col-2056823110\" class=\"col medium-5 small-12 large-5\"  >\n\t\t\t\t<div class=\"col-inner\"  >\n\t\t\t\n\t\t\t\n\t<div id=\"text-4061518014\" class=\"text\">\n\t\t\n<h2>\u0110\u00e1nh gi\u00e1<\/h2>\n\t\t\n<style>\n#text-4061518014 {\n  text-align: center;\n}\n<\/style>\n\t<\/div>\n\t\n\t\t<\/div>\n\t\t\t\t\t<\/div>\n\n\t\n<\/div>\n\t\t<\/div>\n\n\t\t\n<style>\n#section_1367925642 {\n  padding-top: 30px;\n  padding-bottom: 30px;\n  min-height: 252px;\n}\n<\/style>\n\t<\/section>\n\t\n\n\t<section class=\"section\" id=\"section_1217208775\">\n\t\t<div class=\"section-bg fill\" >\n\t\t\t\t\t\t\t\t\t\n\t\t\t\n\n\t\t<\/div>\n\n\t\t\n\n\t\t<div class=\"section-content relative\">\n\t\t\t\n<div class=\"row\"  id=\"row-1888860542\">\n\n\t<div id=\"col-476126587\" class=\"col small-12 large-12\"  >\n\t\t\t\t<div class=\"col-inner\"  >\n\t\t\t\n\t\t\t\n<div class=\"custom-portfolio-grid\"><div class=\"portfolio-item\"><div class=\"portfolio-top\"><div class=\"portfolio-left\"><div class=\"no-img-letter\">J<\/div><\/div><div class=\"portfolio-right\"><h3>Jennifer Olsson<\/h3><\/div><\/div><div class=\"portfolio-bottom\"><div class=\"portfolio-star\">\u2605\u2605\u2605\u2605\u2605<\/div><div class=\"portfolio-content\"><p>S\u1ef1 \u0111\u00f3n ti\u1ebfp th\u00e2n thi\u1ec7n v\u00e0 \u0111\u1ea7y tin c\u1eady.<\/p>\n<\/div><\/div><\/div><div class=\"portfolio-item\"><div class=\"portfolio-top\"><div class=\"portfolio-left\"><div class=\"no-img-letter\">U<\/div><\/div><div class=\"portfolio-right\"><h3>Ulrika Fredlund Svensson<\/h3><\/div><\/div><div class=\"portfolio-bottom\"><div class=\"portfolio-star\">\u2605\u2605\u2605\u2605\u2605<\/div><div class=\"portfolio-content\"><p>Nh\u1eefng bu\u1ed5i tr\u1ecb li\u1ec7u \u0111\u1ea7y s\u1ee9c m\u1ea1nh v\u00e0 ch\u1eefa l\u00e0nh, c\u00f9ng nh\u1eefng cu\u1ed9c tr\u00f2 chuy\u1ec7n \u00fd ngh\u0129a v\u00e0 tr\u1ecb li\u1ec7u t\u1ea7n s\u1ed1 \u0111\u00e3 gi\u00fap t\u00f4i r\u1ea5t nhi\u1ec1u. Th\u1eadt tuy\u1ec7t v\u1eddi!<\/p>\n<\/div><\/div><\/div><div class=\"portfolio-item\"><div class=\"portfolio-top\"><div class=\"portfolio-left\"><div class=\"no-img-letter\">D<\/div><\/div><div class=\"portfolio-right\"><h3>Duong Ngoc (LizzyTarot)<\/h3><\/div><\/div><div class=\"portfolio-bottom\"><div class=\"portfolio-star\">\u2605\u2605\u2605\u2605\u2605<\/div><div class=\"portfolio-content\"><p data-start=\"39\" data-end=\"398\">T\u00f4i kh\u00f4ng th\u1ec3 c\u1ea3m \u01a1n Nhung Bohman \u0111\u1ee7 cho t\u00e1c \u0111\u1ed9ng mang t\u00ednh chuy\u1ec3n h\u00f3a m\u00e0 c\u00f4 \u1ea5y \u0111\u00e3 t\u1ea1o ra trong cu\u1ed9c \u0111\u1eddi t\u00f4i. Ngay t\u1eeb \u0111\u1ea7u, v\u1edbi s\u1ef1 c\u1ea3m th\u00f4ng v\u00e0 th\u1ea5u hi\u1ec3u, c\u00f4 \u0111\u00e3 ki\u00ean nh\u1eabn v\u00e0 \u0111\u1ea7y k\u1ef9 n\u0103ng d\u1eabn d\u1eaft t\u00f4i trong qu\u00e1 tr\u00ecnh ch\u1eefa l\u00e0nh nh\u1eefng ch\u1ea5n th\u01b0\u01a1ng th\u1eddi th\u01a1 \u1ea5u, gi\u00fap t\u00f4i \u0111\u1ed1i di\u1ec7n v\u00e0 v\u01b0\u1ee3t qua nh\u1eefng n\u1ed7i s\u1ee3 h\u00e3i c\u0169ng nh\u01b0 lo \u00e2u \u0103n s\u00e2u trong ti\u1ec1m th\u1ee9c.<\/p>\n<p data-start=\"400\" data-end=\"647\">Chuy\u00ean m\u00f4n c\u1ee7a c\u00f4 kh\u00f4ng ch\u1ec9 d\u1eebng l\u1ea1i \u1edf vi\u1ec7c ch\u1eefa l\u00e0nh c\u1ea3m x\u00fac. Nhung c\u00f2n \u0111\u00f3ng vai tr\u00f2 quan tr\u1ecdng trong vi\u1ec7c h\u1ed7 tr\u1ee3 c\u00e1c v\u1ea5n \u0111\u1ec1 v\u1ec1 tuy\u1ebfn gi\u00e1p c\u1ee7a t\u00f4i, mang \u0111\u1ebfn s\u1ef1 ch\u0103m s\u00f3c to\u00e0n di\u1ec7n v\u00e0 c\u00e1 nh\u00e2n h\u00f3a, gi\u00fap c\u1ea3i thi\u1ec7n \u0111\u00e1ng k\u1ec3 s\u1ee9c kh\u1ecfe t\u1ed5ng th\u1ec3 c\u1ee7a t\u00f4i.<\/p>\n<p data-start=\"649\" data-end=\"941\">Nhung kh\u00f4ng ch\u1ec9 l\u00e0 m\u1ed9t nh\u00e0 th\u00f4i mi\u00ean tr\u1ecb li\u1ec7u (hypnotherapist); c\u00f4 c\u00f2n l\u00e0 ng\u1ecdn h\u1ea3i \u0111\u0103ng c\u1ee7a hy v\u1ecdng v\u00e0 s\u1ef1 ch\u1eefa l\u00e0nh cho b\u1ea5t k\u1ef3 ai \u0111ang t\u00ecm c\u00e1ch c\u1ea3i thi\u1ec7n s\u1ee9c kh\u1ecfe tinh th\u1ea7n v\u00e0 th\u1ec3 ch\u1ea5t. T\u00f4i ch\u00e2n th\u00e0nh khuy\u00ean m\u1ecdi ng\u01b0\u1eddi h\u00e3y t\u00ecm \u0111\u1ebfn c\u00f4 \u2013 m\u1ed9t nh\u00e0 tr\u1ecb li\u1ec7u v\u1eeba \u0111\u1ea7y l\u00f2ng tr\u1eafc \u1ea9n v\u1eeba gi\u00e0u k\u1ef9 n\u0103ng.<\/p>\n<\/div><\/div><\/div><div class=\"portfolio-item\"><div class=\"portfolio-top\"><div class=\"portfolio-left\"><div class=\"no-img-letter\">S<\/div><\/div><div class=\"portfolio-right\"><h3>susanne davidsson<\/h3><\/div><\/div><div class=\"portfolio-bottom\"><div class=\"portfolio-star\">\u2605\u2605\u2605\u2605\u2605<\/div><div class=\"portfolio-content\"><p>Nhung r\u1ea5t th\u1ea5u c\u1ea3m v\u1edbi s\u1ef1 khi\u00eam nh\u01b0\u1eddng l\u1edbn lao. V\u1edbi ki\u1ebfn th\u1ee9c v\u00e0 c\u1ea3m nh\u1eadn tinh t\u1ebf v\u1ec1 s\u1ef1 ch\u1eefa l\u00e0nh. C\u1ea3m \u01a1n \u2764\ufe0f\ud83d\ude4f\u2764\ufe0f \u2026<\/p>\n<\/div><\/div><\/div><div class=\"portfolio-item\"><div class=\"portfolio-top\"><div class=\"portfolio-left\"><img loading=\"lazy\" decoding=\"async\" width=\"72\" height=\"72\" src=\"https:\/\/nbhypnos.com\/wp-content\/uploads\/2025\/08\/unnamed.png\" class=\"attachment-medium size-medium wp-post-image\" alt=\"\" \/><\/div><div class=\"portfolio-right\"><h3>Bengt Alv\u00e5ng<\/h3><\/div><\/div><div class=\"portfolio-bottom\"><div class=\"portfolio-star\">\u2605\u2605\u2605\u2605\u2605<\/div><div class=\"portfolio-content\"><p>Nhung r\u1ea5t t\u1eadn t\u00e2m, duy\u00ean d\u00e1ng v\u00e0 am hi\u1ec3u s\u00e2u s\u1eafc trong l\u0129nh v\u1ef1c ch\u0103m s\u00f3c s\u1ee9c kh\u1ecfe thay th\u1ebf.<\/p>\n<\/div><\/div><\/div><div class=\"portfolio-item\"><div class=\"portfolio-top\"><div class=\"portfolio-left\"><div class=\"no-img-letter\">E<\/div><\/div><div class=\"portfolio-right\"><h3>Emma Franz\u00e9n<\/h3><\/div><\/div><div class=\"portfolio-bottom\"><div class=\"portfolio-star\">\u2605\u2605\u2605\u2605\u2605<\/div><div class=\"portfolio-content\"><p>I can only recommend Nhung \u2013 she is kind and skilled. I have been to hypnosis with her three times, and I can do nothing but highly recommend her.<\/p>\n<\/div><\/div><\/div><div class=\"portfolio-item\"><div class=\"portfolio-top\"><div class=\"portfolio-left\"><div class=\"no-img-letter\">E<\/div><\/div><div class=\"portfolio-right\"><h3>Emma Franz\u00e9n<\/h3><\/div><\/div><div class=\"portfolio-bottom\"><div class=\"portfolio-star\">\u2605\u2605\u2605\u2605\u2605<\/div><div class=\"portfolio-content\"><p>T\u00f4i ch\u1ec9 c\u00f3 th\u1ec3 gi\u1edbi thi\u1ec7u Nhung \u2013 c\u00f4 \u1ea5y r\u1ea5t d\u1ec5 m\u1ebfn v\u00e0 gi\u1ecfi ngh\u1ec1. T\u00f4i \u0111\u00e3 tr\u1ea3i qua 3 l\u1ea7n th\u00f4i mi\u00ean v\u1edbi c\u00f4 \u1ea5y v\u00e0 kh\u00f4ng th\u1ec3 l\u00e0m g\u00ec kh\u00e1c ngo\u00e0i vi\u1ec7c khuy\u00ean m\u1ecdi ng\u01b0\u1eddi n\u00ean t\u00ecm \u0111\u1ebfn c\u00f4 \u1ea5y.<\/p>\n<\/div><\/div><\/div><div class=\"portfolio-item\"><div class=\"portfolio-top\"><div class=\"portfolio-left\"><img loading=\"lazy\" decoding=\"async\" width=\"72\" height=\"72\" src=\"https:\/\/nbhypnos.com\/wp-content\/uploads\/2025\/08\/u2.png\" class=\"attachment-medium size-medium wp-post-image\" alt=\"\" \/><\/div><div class=\"portfolio-right\"><h3>Lina Kallerdahl<\/h3><\/div><\/div><div class=\"portfolio-bottom\"><div class=\"portfolio-star\">\u2605\u2605\u2605\u2605\u2605<\/div><div class=\"portfolio-content\"><p data-start=\"273\" data-end=\"438\">Nhung is a fantastic therapist with a broad knowledge base. She is attentive and a wonderful guide who sees you and meets you where you are in life.<\/p>\n<\/div><\/div><\/div><div class=\"portfolio-item\"><div class=\"portfolio-top\"><div class=\"portfolio-left\"><img loading=\"lazy\" decoding=\"async\" width=\"72\" height=\"72\" src=\"https:\/\/nbhypnos.com\/wp-content\/uploads\/2025\/08\/u2.png\" class=\"attachment-medium size-medium wp-post-image\" alt=\"\" \/><\/div><div class=\"portfolio-right\"><h3>Lina Kallerdahl<\/h3><\/div><\/div><div class=\"portfolio-bottom\"><div class=\"portfolio-star\">\u2605\u2605\u2605\u2605\u2605<\/div><div class=\"portfolio-content\"><p>Nhung l\u00e0 m\u1ed9t nh\u00e0 tr\u1ecb li\u1ec7u tuy\u1ec7t v\u1eddi v\u1edbi kho t\u00e0ng ki\u1ebfn th\u1ee9c phong ph\u00fa. C\u00f4 \u1ea5y bi\u1ebft l\u1eafng nghe v\u00e0 l\u00e0 m\u1ed9t ng\u01b0\u1eddi d\u1eabn \u0111\u01b0\u1eddng tinh t\u1ebf, lu\u00f4n nh\u00ecn th\u1ea5y b\u1ea1n v\u00e0 \u0111\u1ed3ng h\u00e0nh c\u00f9ng b\u1ea1n ngay t\u1ea1i n\u01a1i b\u1ea1n \u0111ang \u1edf trong cu\u1ed9c s\u1ed1ng.<\/p>\n<\/div><\/div><\/div><\/div><div class=\"custom-portfolio-pagination\"><span aria-current=\"page\" class=\"page-numbers current\">1<\/span>\n<a class=\"page-numbers\" href=\"https:\/\/nbhypnos.com\/vi\/wp-json\/wp\/v2\/pages\/580\/page\/2\/\">2<\/a>\n<a class=\"page-numbers\" href=\"https:\/\/nbhypnos.com\/vi\/wp-json\/wp\/v2\/pages\/580\/page\/3\/\">3<\/a>\n<a class=\"next page-numbers\" href=\"https:\/\/nbhypnos.com\/vi\/wp-json\/wp\/v2\/pages\/580\/page\/2\/\">\u00bb<\/a><\/div>\n\t\t<\/div>\n\t\t\t\t\t<\/div>\n\n\t\n<\/div>\n\t\t<\/div>\n\n\t\t\n<style>\n#section_1217208775 {\n  padding-top: 30px;\n  padding-bottom: 30px;\n}\n<\/style>\n\t<\/section>\n\t\n","protected":false},"excerpt":{"rendered":"","protected":false},"author":1,"featured_media":0,"parent":0,"menu_order":0,"comment_status":"closed","ping_status":"closed","template":"page-blank.php","meta":{"footnotes":""},"class_list":["post-580","page","type-page","status-publish","hentry"],"_links":{"self":[{"href":"https:\/\/nbhypnos.com\/vi\/wp-json\/wp\/v2\/pages\/580","targetHints":{"allow":["GET"]}}],"collection":[{"href":"https:\/\/nbhypnos.com\/vi\/wp-json\/wp\/v2\/pages"}],"about":[{"href":"https:\/\/nbhypnos.com\/vi\/wp-json\/wp\/v2\/types\/page"}],"author":[{"embeddable":true,"href":"https:\/\/nbhypnos.com\/vi\/wp-json\/wp\/v2\/users\/1"}],"replies":[{"embeddable":true,"href":"https:\/\/nbhypnos.com\/vi\/wp-json\/wp\/v2\/comments?post=580"}],"version-history":[{"count":4,"href":"https:\/\/nbhypnos.com\/vi\/wp-json\/wp\/v2\/pages\/580\/revisions"}],"predecessor-version":[{"id":587,"href":"https:\/\/nbhypnos.com\/vi\/wp-json\/wp\/v2\/pages\/580\/revisions\/587"}],"wp:attachment":[{"href":"https:\/\/nbhypnos.com\/vi\/wp-json\/wp\/v2\/media?parent=580"}],"curies":[{"name":"wp","href":"https:\/\/api.w.org\/{rel}","templated":true}]}}