{"id":463,"date":"2025-07-18T11:57:16","date_gmt":"2025-07-18T11:57:16","guid":{"rendered":"http:\/\/pickle.jobonline.website\/?page_id=463"},"modified":"2025-09-23T10:05:58","modified_gmt":"2025-09-23T10:05:58","slug":"lieu-phap-chua-lanh-reiki","status":"publish","type":"page","link":"https:\/\/nbhypnos.com\/vi\/phuong-phap-dieu-tri\/lieu-phap-chua-lanh-reiki\/","title":{"rendered":"Li\u1ec7u ph\u00e1p ch\u1eefa l\u00e0nh Reiki"},"content":{"rendered":"\n\t<section class=\"section sec-top-title\" id=\"section_352427697\">\n\t\t<div class=\"section-bg fill\" >\n\t\t\t<img loading=\"lazy\" decoding=\"async\" width=\"1440\" height=\"252\" src=\"https:\/\/nbhypnos.com\/wp-content\/uploads\/2025\/07\/About-Us.png\" class=\"bg attachment-original size-original\" alt=\"\" \/>\t\t\t\t\t\t\n\t\t\t\n\n\t\t<\/div>\n\n\t\t\n\n\t\t<div class=\"section-content relative\">\n\t\t\t\n<div class=\"row row-collapse align-center\"  id=\"row-26116593\">\n\n\t<div id=\"col-488044388\" class=\"col medium-5 small-12 large-5\"  >\n\t\t\t\t<div class=\"col-inner\"  >\n\t\t\t\n\t\t\t\n\t<div id=\"text-3540095937\" class=\"text\">\n\t\t\n<h2>Li\u1ec7u ph\u00e1p ch\u1eefa l\u00e0nh Reiki<\/h2>\n\t\t\n<style>\n#text-3540095937 {\n  text-align: center;\n}\n<\/style>\n\t<\/div>\n\t\n\t\t<\/div>\n\t\t\t\t\t<\/div>\n\n\t\n<\/div>\n\t\t<\/div>\n\n\t\t\n<style>\n#section_352427697 {\n  padding-top: 30px;\n  padding-bottom: 30px;\n  min-height: 252px;\n}\n<\/style>\n\t<\/section>\n\t\n\n\t<section class=\"section\" id=\"section_1005620705\">\n\t\t<div class=\"section-bg fill\" >\n\t\t\t\t\t\t\t\t\t\n\t\t\t\n\n\t\t<\/div>\n\n\t\t\n\n\t\t<div class=\"section-content relative\">\n\t\t\t\n<div class=\"row align-middle\"  id=\"row-382974545\">\n\n\t<div id=\"col-267322962\" class=\"col col-left-about pb-0 medium-7 small-12 large-7\"  >\n\t\t\t\t<div class=\"col-inner\"  >\n\t\t\t\n\t\t\t\n<h3 class=\"thin-font\">NB Hypnos &amp; Homeopati<\/h3>\n<h1><strong><strong class=\"ng-star-inserted\"><span class=\"ng-star-inserted\">Vi l\u01b0\u1ee3ng \u0111\u1ed3ng c\u0103n c\u1ed5 \u0111i\u1ec3n<\/span><\/strong><\/strong><\/h1>\n<p><span class=\"ng-star-inserted\">Li\u1ec7u ph\u00e1p ch\u1eefa l\u00e0nh Reiki<\/span><span class=\"ng-star-inserted\">\u00a0l\u00e0 m\u1ed9t ph\u01b0\u01a1ng ph\u00e1p tr\u1ecb li\u1ec7u nh\u1eb9 nh\u00e0ng m\u00e0 \u0111\u1ed3ng th\u1eddi c\u0169ng r\u1ea5t hi\u1ec7u qu\u1ea3 \u0111\u1ed1i v\u1edbi c\u00e1c v\u1ea5n \u0111\u1ec1 nh\u01b0 \u0111au \u0111\u1edbn, c\u0103ng th\u1eb3ng, lo \u00e2u, c\u0169ng nh\u01b0 c\u00e1c \u00e1p l\u1ef1c v\u1ec1 th\u1ec3 ch\u1ea5t v\u00e0 tinh th\u1ea7n. Reiki ho\u1ea1t \u0111\u1ed9ng d\u1ef1a tr\u00ean qu\u00e1 tr\u00ecnh ch\u1eefa l\u00e0nh t\u1ef1 nhi\u00ean c\u1ee7a c\u01a1 th\u1ec3 v\u00e0 b\u1ed5 sung ngu\u1ed3n n\u0103ng l\u01b0\u1ee3ng \u2013 m\u1ed9t ph\u01b0\u01a1ng ph\u00e1p c\u00f3 nhi\u1ec1u \u1ee9ng d\u1ee5ng trong x\u00e3 h\u1ed9i hi\u1ec7n \u0111\u1ea1i c\u1ee7a ch\u00fang ta.<\/span><\/p>\n<a class=\"button primary lowercase\"  style=\"border-radius:99px;\">\n\t\t<span>Li\u00ean h\u1ec7 ch\u00fang t\u00f4i<\/span>\n\t<\/a>\n\n<a class=\"button primary lowercase\"  style=\"border-radius:99px;\">\n\t\t<span>\u0110\u1eb7t l\u1ecbch li\u1ec7u tr\u00ecnh<\/span>\n\t<\/a>\n\n\t\t<\/div>\n\t\t\t\t\n<style>\n#col-267322962 > .col-inner {\n  max-width: 553px;\n}\n<\/style>\n\t<\/div>\n\n\t\n\n\t<div id=\"col-1131487172\" class=\"col col-right-about pb-0 medium-5 small-12 large-5\"  >\n\t\t\t\t<div class=\"col-inner\"  >\n\t\t\t\n\t\t\t\n\t<div class=\"img has-hover x md-x lg-x y md-y lg-y\" id=\"image_293449381\">\n\t\t\t\t\t\t\t\t<div class=\"img-inner dark\" >\n\t\t\t<img loading=\"lazy\" decoding=\"async\" width=\"2560\" height=\"1707\" src=\"https:\/\/nbhypnos.com\/wp-content\/uploads\/2025\/09\/Nhung-32-scaled.jpg\" class=\"attachment-original size-original\" alt=\"\" srcset=\"https:\/\/nbhypnos.com\/wp-content\/uploads\/2025\/09\/Nhung-32-scaled.jpg 2560w, https:\/\/nbhypnos.com\/wp-content\/uploads\/2025\/09\/Nhung-32-300x200.jpg 300w, https:\/\/nbhypnos.com\/wp-content\/uploads\/2025\/09\/Nhung-32-1024x683.jpg 1024w, https:\/\/nbhypnos.com\/wp-content\/uploads\/2025\/09\/Nhung-32-768x512.jpg 768w, https:\/\/nbhypnos.com\/wp-content\/uploads\/2025\/09\/Nhung-32-1536x1024.jpg 1536w, https:\/\/nbhypnos.com\/wp-content\/uploads\/2025\/09\/Nhung-32-2048x1365.jpg 2048w\" sizes=\"auto, (max-width: 2560px) 100vw, 2560px\" \/>\t\t\t\t\t\t\n\t\t\t\t\t<\/div>\n\t\t\t\t\t\t\t\t\n<style>\n#image_293449381 {\n  width: 100%;\n}\n<\/style>\n\t<\/div>\n\t\n\t\t<\/div>\n\t\t\t\t\n<style>\n#col-1131487172 > .col-inner {\n  max-width: 469px;\n}\n<\/style>\n\t<\/div>\n\n\t\n<\/div>\n\t\t<\/div>\n\n\t\t\n<style>\n#section_1005620705 {\n  padding-top: 60px;\n  padding-bottom: 60px;\n}\n<\/style>\n\t<\/section>\n\t\n\n\t<section class=\"section\" id=\"section_1248662039\">\n\t\t<div class=\"section-bg fill\" >\n\t\t\t\t\t\t\t\t\t\n\t\t\t\n\n\t\t<\/div>\n\n\t\t\n\n\t\t<div class=\"section-content relative\">\n\t\t\t\n<div class=\"row\"  id=\"row-161902651\">\n\n\t<div id=\"col-1545008631\" class=\"col pb-0 small-12 large-12\"  >\n\t\t\t\t<div class=\"col-inner\"  >\n\t\t\t\n\t\t\t\n\n\t\t<div class=\"tabbed-content hidden\">\n\t\t\t<h4 class=\"uppercase text-left\"># Hypnotherapy<\/h4>\n\t\t\t<ul class=\"nav nav-simple nav-vertical nav-normal nav-size-normal nav-left\" role=\"tablist\"><li id=\"tab-1.-vad-\u00e4r-hypnos?\" class=\"tab active has-icon\" role=\"presentation\"><a href=\"#tab_1.-vad-\u00e4r-hypnos?\" role=\"tab\" aria-selected=\"true\" aria-controls=\"tab_1.-vad-\u00e4r-hypnos?\"><span>1. Vad \u00e4r hypnos?<\/span><\/a><\/li>\n<li id=\"tab-2.-hypnos-\u2013-ett-kraftfullt-stadie!\" class=\"tab has-icon\" role=\"presentation\"><a href=\"#tab_2.-hypnos-\u2013-ett-kraftfullt-stadie!\" tabindex=\"-1\" role=\"tab\" aria-selected=\"false\" aria-controls=\"tab_2.-hypnos-\u2013-ett-kraftfullt-stadie!\"><span>2. Hypnos \u2013 ett kraftfullt stadie!<\/span><\/a><\/li>\n<li id=\"tab-3.-dynamisk-emotionell-terapi\" class=\"tab has-icon\" role=\"presentation\"><a href=\"#tab_3.-dynamisk-emotionell-terapi\" tabindex=\"-1\" role=\"tab\" aria-selected=\"false\" aria-controls=\"tab_3.-dynamisk-emotionell-terapi\"><span>3. Dynamisk Emotionell Terapi<\/span><\/a><\/li>\n<li id=\"tab-4.-sluta-r\u00f6ka-med-hypnos!\" class=\"tab has-icon\" role=\"presentation\"><a href=\"#tab_4.-sluta-r\u00f6ka-med-hypnos!\" tabindex=\"-1\" role=\"tab\" aria-selected=\"false\" aria-controls=\"tab_4.-sluta-r\u00f6ka-med-hypnos!\"><span>4. Sluta r\u00f6ka med hypnos!<\/span><\/a><\/li><\/ul><div class=\"tab-panels\"><div id=\"tab_1.-vad-\u00e4r-hypnos?\" class=\"panel active entry-content\" role=\"tabpanel\" aria-labelledby=\"tab-1.-vad-\u00e4r-hypnos?\">\n<p>Ordet hypnos a\u0308r ett ganska laddat ord och en del ma\u0308nniskor blir skra\u0308mda av ordet fo\u0308r att man har en uppfattning om att hypnos a\u0308r na\u030agot annat a\u0308n vad det verkligen a\u0308r. Pa\u030a 1900 talet fram tills ungefa\u0308r 1990 var det i stort sett endast ma\u0308n som som uto\u0308vade hypnos, a\u030atminstone har jag aldrig ho\u0308rt om kvinnor som hyp- notiserade innan dess. Gamla bilder avslo\u0308jar att man ho\u0308ll kvar mystiken fo\u0308r gemene man genom publicera bilder pa\u030a affischer, bo\u0308cker med mera. Dessa bilder inneho\u0308ll i stort sett alltid en manlig hypnotiso\u0308r. I de flesta fall poserade de fra\u030an fa\u030agelperspektiv, ned mot en kvinnlig klient, vilket i sig ger bilden av mani- pulation och makt. Sedan har medier som film, tv, radio med mera gjort sitt ba\u0308sta fo\u0308r att ge hypnos en mystisk klang. Exempelvis filmsekvenser med inslag av hypnos som fo\u0308r det mesta hade en negativ klang Hypnoso\u0308ver sig, sa\u030a det a\u0308r ju inte konstigt att ma\u0308nniskor har fa\u030att en felaktig bild av hypnos.<\/p>\n<\/div>\n<div id=\"tab_2.-hypnos-\u2013-ett-kraftfullt-stadie!\" class=\"panel entry-content\" role=\"tabpanel\" aria-labelledby=\"tab-2.-hypnos-\u2013-ett-kraftfullt-stadie!\">\n<\/div>\n<div id=\"tab_3.-dynamisk-emotionell-terapi\" class=\"panel entry-content\" role=\"tabpanel\" aria-labelledby=\"tab-3.-dynamisk-emotionell-terapi\">\n<\/div>\n<div id=\"tab_4.-sluta-r\u00f6ka-med-hypnos!\" class=\"panel entry-content\" role=\"tabpanel\" aria-labelledby=\"tab-4.-sluta-r\u00f6ka-med-hypnos!\">\n<\/div><\/div><\/div>\n\t\t<\/div>\n\t\t\t\t\t<\/div>\n\n\t\n<\/div>\n\t\t<\/div>\n\n\t\t\n<style>\n#section_1248662039 {\n  padding-top: 30px;\n  padding-bottom: 30px;\n}\n<\/style>\n\t<\/section>\n\t\n\n\t<section class=\"section sec-detail\" id=\"section_1432918216\">\n\t\t<div class=\"section-bg fill\" >\n\t\t\t\t\t\t\t\t\t\n\t\t\t\n\n\t\t<\/div>\n\n\t\t\n\n\t\t<div class=\"section-content relative\">\n\t\t\t\n<div class=\"row\"  id=\"row-1656921260\">\n\n\t<div id=\"col-2139296813\" class=\"col pb-0 small-12 large-12\"  >\n\t\t\t\t<div class=\"col-inner\"  >\n\t\t\t\n\t\t\t\n<h3><strong>B\u1ea1n c\u1ea3m th\u1ea5y ki\u1ec7t s\u1ee9c, c\u0103ng th\u1eb3ng hay m\u1ea5t c\u00e2n b\u1eb1ng?<\/strong><\/h3>\n<p>Ch\u00fang ta \u0111ang s\u1ed1ng trong m\u1ed9t th\u1ebf gi\u1edbi h\u1ed1i h\u1ea3, n\u01a1i d\u1ec5 d\u00e0ng c\u1ea3m th\u1ea5y qu\u00e1 t\u1ea3i. C\u00e1c ph\u01b0\u01a1ng ph\u00e1p \u0111i\u1ec1u tr\u1ecb truy\u1ec1n th\u1ed1ng \u0111\u00f4i khi c\u00f3 th\u1ec3 kh\u00f4ng \u0111\u1ee7 hi\u1ec7u qu\u1ea3 ho\u1eb7c g\u00e2y th\u00eam g\u00e1nh n\u1eb7ng cho c\u01a1 th\u1ec3. Vi l\u01b0\u1ee3ng \u0111\u1ed3ng c\u0103n mang \u0111\u1ebfn m\u1ed9t con \u0111\u01b0\u1eddng ch\u1eefa l\u00e0nh t\u1ef1 nhi\u00ean v\u00e0 to\u00e0n di\u1ec7n, \u0111\u01b0\u1ee3c thi\u1ebft k\u1ebf ri\u00eang cho nhu c\u1ea7u \u0111\u1ed9c \u0111\u00e1o c\u1ee7a b\u1ea1n.<\/p>\n<h3><strong><strong class=\"ng-star-inserted\"><span class=\"ng-star-inserted\">Vi l\u01b0\u1ee3ng \u0111\u1ed3ng c\u0103n l\u00e0 g\u00ec?<\/span><\/strong><\/strong><\/h3>\n<p class=\"ng-star-inserted\"><span class=\"ng-star-inserted\">Vi l\u01b0\u1ee3ng \u0111\u1ed3ng c\u0103n l\u00e0 m\u1ed9t ngh\u1ec7 thu\u1eadt ch\u1eefa b\u1ec7nh c\u00f3 h\u01a1n 200 n\u0103m tu\u1ed5i, d\u1ef1a tr\u00ean nguy\u00ean t\u1eafc &#8220;l\u1ea5y \u0111\u1ed9c tr\u1ecb \u0111\u1ed9c&#8221;. B\u1eb1ng c\u00e1ch s\u1eed d\u1ee5ng c\u00e1c ch\u1ea5t \u0111\u01b0\u1ee3c pha lo\u00e3ng cao, qu\u00e1 tr\u00ecnh ch\u1eefa l\u00e0nh t\u1ef1 nhi\u00ean c\u1ee7a c\u01a1 th\u1ec3 \u0111\u01b0\u1ee3c k\u00edch th\u00edch. C\u00e1c ph\u01b0\u01a1ng thu\u1ed1c vi l\u01b0\u1ee3ng \u0111\u1ed3ng c\u0103n an to\u00e0n, t\u1ef1 nhi\u00ean v\u00e0 kh\u00f4ng c\u00f3 t\u00e1c d\u1ee5ng ph\u1ee5 n\u00e0o \u0111\u01b0\u1ee3c bi\u1ebft \u0111\u1ebfn, khi\u1ebfn ch\u00fang tr\u1edf th\u00e0nh m\u1ed9t l\u1ef1a ch\u1ecdn tuy\u1ec7t v\u1eddi cho c\u1ea3 tr\u1ebb em v\u00e0 ng\u01b0\u1eddi l\u1edbn.<\/span><\/p>\n<p class=\"ng-star-inserted\"><span class=\"ng-star-inserted\">L\u00e0 m\u1ed9t chuy\u00ean gia vi l\u01b0\u1ee3ng \u0111\u1ed3ng c\u0103n, m\u1ee5c ti\u00eau c\u1ee7a t\u00f4i l\u00e0 cung c\u1ea5p cho b\u1ea1n m\u1ed9t li\u1ec7u ph\u00e1p c\u00e1 nh\u00e2n h\u00f3a v\u00e0 chu \u0111\u00e1o. T\u00f4i d\u00e0nh th\u1eddi gian l\u1eafng nghe c\u00e1c tri\u1ec7u ch\u1ee9ng, c\u00e2u chuy\u1ec7n v\u00e0 m\u1ee5c ti\u00eau s\u1ee9c kh\u1ecfe c\u1ee5 th\u1ec3 c\u1ee7a b\u1ea1n. M\u1ed7i ph\u01b0\u01a1ng ph\u00e1p \u0111i\u1ec1u tr\u1ecb l\u00e0 duy nh\u1ea5t v\u00e0 \u0111\u01b0\u1ee3c thi\u1ebft k\u1ebf \u0111\u1ec3 h\u1ed7 tr\u1ee3 c\u01a1 th\u1ec3 v\u00e0 t\u00e2m h\u1ed3n c\u1ee7a b\u1ea1n m\u1ed9t c\u00e1ch t\u1ed1t nh\u1ea5t.<\/span><\/p>\n<p class=\"ng-star-inserted\"><span class=\"ng-star-inserted\">T\u00f4i l\u00e0 m\u1ed9t chuy\u00ean gia vi l\u01b0\u1ee3ng \u0111\u1ed3ng c\u0103n c\u1ed5 \u0111i\u1ec3n \u0111\u01b0\u1ee3c c\u1ea5p b\u1eb1ng v\u00e0 trong qu\u00e1 tr\u00ecnh t\u01b0 v\u1ea5n, t\u00f4i c\u0169ng s\u1eed d\u1ee5ng ph\u01b0\u01a1ng ph\u00e1p Ch\u1ea9n \u0111o\u00e1n qua m\u1ed1ng m\u1eaft (Irisdiagnostik).<\/span><\/p>\n\n  \n    <div class=\"row large-columns-2 medium-columns- small-columns-1\" >\n  <div class=\"gallery-col col\" >\n          <div class=\"col-inner\">\n            <a class=\"image-lightbox lightbox-gallery\" href=\"https:\/\/nbhypnos.com\/wp-content\/uploads\/2025\/08\/z6944084150331_aedd53c54742ae2f98ae640d18bf6718.jpg\" title=\"\">            <div class=\"box has-hover gallery-box box-overlay dark\">\n              <div class=\"box-image image-cover\" style=\"padding-top:75%;\">\n                <img loading=\"lazy\" decoding=\"async\" width=\"300\" height=\"200\" src=\"https:\/\/nbhypnos.com\/wp-content\/uploads\/2025\/08\/z6944084150331_aedd53c54742ae2f98ae640d18bf6718-300x200.jpg\" class=\"attachment-medium size-medium\" alt=\"Nhung Bohman, a certified practitioner offering gentle Reiki healing in Gothenburg, sits serenely in a beautiful garden.\" ids=\"570,698\" lightbox_image_size=\"original\" columns=\"2\" columns__sm=\"1\" image_height=\"75%\" srcset=\"https:\/\/nbhypnos.com\/wp-content\/uploads\/2025\/08\/z6944084150331_aedd53c54742ae2f98ae640d18bf6718-300x200.jpg 300w, https:\/\/nbhypnos.com\/wp-content\/uploads\/2025\/08\/z6944084150331_aedd53c54742ae2f98ae640d18bf6718-1024x683.jpg 1024w, https:\/\/nbhypnos.com\/wp-content\/uploads\/2025\/08\/z6944084150331_aedd53c54742ae2f98ae640d18bf6718-768x512.jpg 768w, https:\/\/nbhypnos.com\/wp-content\/uploads\/2025\/08\/z6944084150331_aedd53c54742ae2f98ae640d18bf6718-1536x1024.jpg 1536w, https:\/\/nbhypnos.com\/wp-content\/uploads\/2025\/08\/z6944084150331_aedd53c54742ae2f98ae640d18bf6718-2048x1366.jpg 2048w\" sizes=\"auto, (max-width: 300px) 100vw, 300px\" \/>                                  <div class=\"overlay fill\"\n                      style=\"background-color: rgba(0,0,0,.15)\">\n                  <\/div>\n                                                              <\/div>\n              <div class=\"box-text text-left\" >\n                 <p><\/p>\n              <\/div>\n            <\/div>\n            <\/a>          <\/div>\n         <\/div><div class=\"gallery-col col\" >\n          <div class=\"col-inner\">\n            <a class=\"image-lightbox lightbox-gallery\" href=\"https:\/\/nbhypnos.com\/wp-content\/uploads\/2025\/09\/Nhung-19-scaled.jpg\" title=\"\">            <div class=\"box has-hover gallery-box box-overlay dark\">\n              <div class=\"box-image image-cover\" style=\"padding-top:75%;\">\n                <img loading=\"lazy\" decoding=\"async\" width=\"300\" height=\"200\" src=\"https:\/\/nbhypnos.com\/wp-content\/uploads\/2025\/09\/Nhung-19-300x200.jpg\" class=\"attachment-medium size-medium\" alt=\"Nhung Bohman, a holistic practitioner, holds a bouquet of purple flowers, representing the gentle guidance offered through evolutionary astrology in Gothenburg.\" ids=\"570,698\" lightbox_image_size=\"original\" columns=\"2\" columns__sm=\"1\" image_height=\"75%\" srcset=\"https:\/\/nbhypnos.com\/wp-content\/uploads\/2025\/09\/Nhung-19-300x200.jpg 300w, https:\/\/nbhypnos.com\/wp-content\/uploads\/2025\/09\/Nhung-19-1024x683.jpg 1024w, https:\/\/nbhypnos.com\/wp-content\/uploads\/2025\/09\/Nhung-19-768x512.jpg 768w, https:\/\/nbhypnos.com\/wp-content\/uploads\/2025\/09\/Nhung-19-1536x1024.jpg 1536w, https:\/\/nbhypnos.com\/wp-content\/uploads\/2025\/09\/Nhung-19-2048x1365.jpg 2048w\" sizes=\"auto, (max-width: 300px) 100vw, 300px\" \/>                                  <div class=\"overlay fill\"\n                      style=\"background-color: rgba(0,0,0,.15)\">\n                  <\/div>\n                                                              <\/div>\n              <div class=\"box-text text-left\" >\n                 <p><\/p>\n              <\/div>\n            <\/div>\n            <\/a>          <\/div>\n         <\/div><\/div>\n\t\t<\/div>\n\t\t\t\t\t<\/div>\n\n\t\n<\/div>\n\t\t<\/div>\n\n\t\t\n<style>\n#section_1432918216 {\n  padding-top: 30px;\n  padding-bottom: 30px;\n}\n<\/style>\n\t<\/section>\n\t\n\n\t<section class=\"section sec-detail\" id=\"section_1174879756\">\n\t\t<div class=\"section-bg fill\" >\n\t\t\t\t\t\t\t\t\t\n\t\t\t\n\n\t\t<\/div>\n\n\t\t\n\n\t\t<div class=\"section-content relative\">\n\t\t\t\n<div class=\"row\"  id=\"row-265240029\">\n\n\t<div id=\"col-1442746054\" class=\"col pb-0 small-12 large-12\"  >\n\t\t\t\t<div class=\"col-inner\"  >\n\t\t\t\n\t\t\t\n<h3>Ng\u00e0y c\u00e0ng c\u00f3 nhi\u1ec1u nghi\u00ean c\u1ee9u v\u1ec1 li\u1ec7u ph\u00e1p ch\u1eefa l\u00e0nh Reiki<\/h3>\n<p class=\"ng-star-inserted\"><span class=\"ng-star-inserted\">S\u1ef1 quan t\u00e2m \u0111\u1ebfn vi\u1ec7c nghi\u00ean c\u1ee9u v\u1ec1 Reiki l\u00e0 r\u1ea5t l\u1edbn. S\u1ed1 l\u01b0\u1ee3ng c\u00e1c nghi\u00ean c\u1ee9u \u0111\u00e3 t\u0103ng 500% t\u1eeb n\u0103m 2012 \u0111\u1ebfn n\u0103m 2022. N\u1ebfu t\u00ecm ki\u1ebfm trong c\u00e1c c\u01a1 s\u1edf d\u1eef li\u1ec7u l\u1edbn, b\u1ea1n c\u00f3 th\u1ec3 t\u00ecm th\u1ea5y h\u01a1n 700 b\u00e0i b\u00e1o v\u1ec1 Reiki, v\u00e0 nhi\u1ec1u trong s\u1ed1 \u0111\u00f3 c\u00f3 ch\u1ea5t l\u01b0\u1ee3ng khoa h\u1ecdc.<\/span><\/p>\n<p class=\"ng-star-inserted\"><span class=\"ng-star-inserted\">Nghi\u00ean c\u1ee9u ch\u1ee7 y\u1ebfu t\u1eadp trung v\u00e0o c\u00e1c l\u0129nh v\u1ef1c li\u00ean quan \u0111\u1ebfn c\u0103ng th\u1eb3ng c\u1ea3m x\u00fac v\u00e0 tinh th\u1ea7n \u0111\u00e1ng k\u1ec3. T\u1ef7 l\u1ec7 ph\u1ea7n tr\u0103m c\u00e1c b\u00e0i b\u00e1o cao nh\u1ea5t thu\u1ed9c l\u0129nh v\u1ef1c\u00a0<\/span><span class=\"ng-star-inserted\">li\u1ec7u ph\u00e1p ch\u1eefa l\u00e0nh Reiki<\/span><span class=\"ng-star-inserted\">\u00a0nh\u01b0 m\u1ed9t s\u1ef1 b\u1ed5 sung cho h\u00f3a tr\u1ecb &amp; Reiki cho tr\u1ebb em m\u1eafc b\u1ec7nh m\u00e3n t\u00ednh.<\/span><\/p>\n<p class=\"ng-star-inserted\"><span class=\"ng-star-inserted\">Ng\u01b0\u1eddi ta c\u0169ng \u0111\u00e3 nghi\u00ean c\u1ee9u v\u1ec1 vi\u1ec7c li\u1ec7u Reiki c\u00f3 th\u1ec3 h\u1ea1 huy\u1ebft \u00e1p \u1edf nh\u1eefng ng\u01b0\u1eddi ch\u0103m s\u00f3c ng\u01b0\u1eddi th\u00e2n b\u1ecb b\u1ec7nh t\u1ea1i nh\u00e0 hay kh\u00f4ng. C\u00f3 ba b\u00e0i b\u00e1o v\u1ec1 vi\u1ec7c t\u0103ng c\u01b0\u1eddng s\u1ee9c kh\u1ecfe c\u1ee7a nh\u00e2n vi\u00ean y t\u1ebf trong \u0111\u1ea1i d\u1ecbch Covid-19.<\/span><\/p>\n<p class=\"ng-star-inserted\"><span class=\"ng-star-inserted\">Nhi\u1ec1u qu\u1ed1c gia s\u1eed d\u1ee5ng\u00a0<\/span><span class=\"ng-star-inserted\">li\u1ec7u ph\u00e1p ch\u1eefa l\u00e0nh Reiki<\/span><span class=\"ng-star-inserted\">\u00a0nh\u01b0 m\u1ed9t ph\u01b0\u01a1ng ph\u00e1p \u0111i\u1ec1u tr\u1ecb b\u1ed5 sung trong y h\u1ecdc c\u1ed5 truy\u1ec1n. V\u00ed d\u1ee5, \u1edf M\u1ef9, Reiki \u0111\u01b0\u1ee3c s\u1eed d\u1ee5ng cho ph\u1ee5 n\u1eef mang thai \u0111\u1ec3 gi\u1ea3m \u0111au v\u00e0 mang l\u1ea1i s\u1ef1 b\u00ecnh y\u00ean. \u1ede Mexico, Reiki \u0111\u01b0\u1ee3c s\u1eed d\u1ee5ng tr\u01b0\u1edbc v\u00e0 sau c\u00e1c cu\u1ed9c ph\u1eabu thu\u1eadt theo k\u1ebf ho\u1ea1ch \u0111\u1ec3 gi\u00fap b\u1ec7nh nh\u00e2n b\u00ecnh t\u0129nh v\u00e0 gi\u1ea3m thi\u1ec3u c\u00e1c bi\u1ebfn ch\u1ee9ng. \u1ede Anh, Reiki \u0111\u01b0\u1ee3c s\u1eed d\u1ee5ng nh\u01b0 m\u1ed9t li\u1ec7u ph\u00e1p b\u1ed5 sung trong \u0111i\u1ec1u tr\u1ecb ung th\u01b0 truy\u1ec1n th\u1ed1ng \u0111\u1ec3 t\u0103ng c\u01b0\u1eddng s\u1ee9c m\u1ea1nh t\u1ef1 ch\u1eefa l\u00e0nh c\u1ee7a c\u01a1 th\u1ec3 v\u00e0 gi\u1ea3m b\u1edbt c\u0103ng th\u1eb3ng, lo \u00e2u.<\/span><\/p>\n\n  \n    <div class=\"row large-columns-2 medium-columns- small-columns-\" >\n  <div class=\"gallery-col col\" >\n          <div class=\"col-inner\">\n            <a class=\"image-lightbox lightbox-gallery\" href=\"https:\/\/nbhypnos.com\/wp-content\/uploads\/2025\/07\/image27-480x720-1.jpg\" title=\"\">            <div class=\"box has-hover gallery-box box-none\">\n              <div class=\"box-image image-cover\" style=\"padding-top:75%;\">\n                <img loading=\"lazy\" decoding=\"async\" width=\"200\" height=\"300\" src=\"https:\/\/nbhypnos.com\/wp-content\/uploads\/2025\/07\/image27-480x720-1-200x300.jpg\" class=\"attachment-medium size-medium\" alt=\"The gentle, healing hands used in a Reiki session, demonstrating the flow of energy during Reiki healing in Gothenburg.\" ids=\"370,371\" style=\"none\" lightbox_image_size=\"original\" columns=\"2\" image_height=\"75%\" srcset=\"https:\/\/nbhypnos.com\/wp-content\/uploads\/2025\/07\/image27-480x720-1-200x300.jpg 200w, https:\/\/nbhypnos.com\/wp-content\/uploads\/2025\/07\/image27-480x720-1.jpg 480w\" sizes=\"auto, (max-width: 200px) 100vw, 200px\" \/>                                                              <\/div>\n              <div class=\"box-text text-left\" >\n                 <p><\/p>\n              <\/div>\n            <\/div>\n            <\/a>          <\/div>\n         <\/div><div class=\"gallery-col col\" >\n          <div class=\"col-inner\">\n            <a class=\"image-lightbox lightbox-gallery\" href=\"https:\/\/nbhypnos.com\/wp-content\/uploads\/2025\/07\/M_24_0501_2_in_contents.webp\" title=\"\">            <div class=\"box has-hover gallery-box box-none\">\n              <div class=\"box-image image-cover\" style=\"padding-top:75%;\">\n                <img loading=\"lazy\" decoding=\"async\" width=\"240\" height=\"300\" src=\"https:\/\/nbhypnos.com\/wp-content\/uploads\/2025\/07\/M_24_0501_2_in_contents-240x300.webp\" class=\"attachment-medium size-medium\" alt=\"A practitioner&#039;s hands gently placed during a session, symbolizing the calming and restorative power of Reiki healing in Gothenburg.\" ids=\"370,371\" style=\"none\" lightbox_image_size=\"original\" columns=\"2\" image_height=\"75%\" srcset=\"https:\/\/nbhypnos.com\/wp-content\/uploads\/2025\/07\/M_24_0501_2_in_contents-240x300.webp 240w, https:\/\/nbhypnos.com\/wp-content\/uploads\/2025\/07\/M_24_0501_2_in_contents-768x960.webp 768w, https:\/\/nbhypnos.com\/wp-content\/uploads\/2025\/07\/M_24_0501_2_in_contents.webp 800w\" sizes=\"auto, (max-width: 240px) 100vw, 240px\" \/>                                                              <\/div>\n              <div class=\"box-text text-left\" >\n                 <p><\/p>\n              <\/div>\n            <\/div>\n            <\/a>          <\/div>\n         <\/div><\/div>\n\t\t<\/div>\n\t\t\t\t\t<\/div>\n\n\t\n<\/div>\n\t\t<\/div>\n\n\t\t\n<style>\n#section_1174879756 {\n  padding-top: 30px;\n  padding-bottom: 30px;\n}\n<\/style>\n\t<\/section>\n\t\n\n\t<section class=\"section sec-detail\" id=\"section_1860954675\">\n\t\t<div class=\"section-bg fill\" >\n\t\t\t\t\t\t\t\t\t\n\t\t\t\n\n\t\t<\/div>\n\n\t\t\n\n\t\t<div class=\"section-content relative\">\n\t\t\t\n<div class=\"row\"  id=\"row-1038853082\">\n\n\t<div id=\"col-881105227\" class=\"col pb-0 small-12 large-12\"  >\n\t\t\t\t<div class=\"col-inner\"  >\n\t\t\t\n\t\t\t\n\t<div id=\"text-3960125531\" class=\"text\">\n\t\t\n<h3>Li\u1ec7u ph\u00e1p ch\u1eefa l\u00e0nh Reiki \u0111\u01b0\u1ee3c s\u1eed d\u1ee5ng nh\u01b0 th\u1ebf n\u00e0o?<\/h3>\n<p class=\"ng-star-inserted\"><span class=\"ng-star-inserted\">Reiki gi\u00fap gi\u1ea3m \u0111au v\u00e0 gi\u1ea3i t\u1ecfa c\u0103ng th\u1eb3ng, c\u1ea3 v\u1ec1 th\u1ec3 ch\u1ea5t l\u1eabn tinh th\u1ea7n, l\u00e0m gi\u1ea3m stress v\u00e0 t\u0103ng c\u01b0\u1eddng c\u1ea3m gi\u00e1c h\u1ea1nh ph\u00fac.<\/span><\/p>\n<p class=\"ng-star-inserted\"><span class=\"ng-star-inserted\">Kh\u00f3 ng\u1ee7, \u0111\u1ea7u \u00f3c quay cu\u1ed3ng, \u0111au th\u1ea7n kinh t\u1ecda, \u0111au c\u01a1, th\u1ea5p kh\u1edbp, c\u0103ng th\u1eb3ng v\u1ec1 tinh th\u1ea7n v\u00e0 th\u1ec3 ch\u1ea5t; danh s\u00e1ch c\u00e1c l\u0129nh v\u1ef1c m\u00e0\u00a0<\/span><span class=\"ng-star-inserted\">li\u1ec7u ph\u00e1p ch\u1eefa l\u00e0nh Reiki<\/span><span class=\"ng-star-inserted\">\u00a0c\u00f3 th\u1ec3 h\u1ed7 tr\u1ee3 l\u00e0 r\u1ea5t d\u00e0i. N\u0103ng l\u01b0\u1ee3ng Reiki cung c\u1ea5p th\u00eam sinh l\u1ef1c, m\u00e0 s\u1ee9c m\u1ea1nh t\u1ef1 ch\u1eefa l\u00e0nh c\u1ee7a c\u01a1 th\u1ec3 c\u00f3 th\u1ec3 s\u1eed d\u1ee5ng \u0111\u1ec3 t\u1ef1 ch\u1eefa l\u00e0nh. S\u1ef1 th\u01b0 gi\u00e3n s\u00e2u k\u00edch ho\u1ea1t kh\u1ea3 n\u0103ng t\u1ef1 ch\u1eefa l\u00e0nh c\u1ee7a c\u01a1 th\u1ec3.<\/span><\/p>\n<p class=\"ng-star-inserted\"><span class=\"ng-star-inserted\">Nhi\u1ec1u b\u1ec7nh l\u00fd th\u1ec3 ch\u1ea5t c\u00f3 nguy\u00ean nh\u00e2n t\u1eeb t\u00e2m l\u00fd ho\u1eb7c c\u1ea3m x\u00fac; \u0111au \u0111\u1edbn v\u00e0 c\u0103ng th\u1eb3ng th\u01b0\u1eddng do stress, bu\u1ed3n b\u00e3, lo l\u1eafng v\u00e0 nh\u1eefng c\u1ea3m x\u00fac b\u1ecb d\u1ed3n n\u00e9n g\u00e2y ra.\u00a0<\/span><span class=\"ng-star-inserted\">Li\u1ec7u ph\u00e1p ch\u1eefa l\u00e0nh Reiki<\/span><span class=\"ng-star-inserted\">\u00a0ho\u1ea1t \u0111\u1ed9ng \u0111\u1ed3ng th\u1eddi tr\u00ean c\u1ea3 ph\u01b0\u01a1ng di\u1ec7n th\u1ec3 ch\u1ea5t v\u00e0 c\u1ea3m x\u00fac, gi\u1ea3i t\u1ecfa nh\u1eefng c\u0103ng th\u1eb3ng v\u00e0 gi\u1ea3i ph\u00f3ng nh\u1eefng g\u00ec \u0111\u00e3 t\u1eebng g\u00e2y ra ch\u00fang. Khi \u0111\u00f3, nh\u1eefng c\u1ea3m x\u00fac n\u00e0y c\u00f3 th\u1ec3 tr\u1ed3i l\u00ean b\u1ec1 m\u1eb7t \u0111\u1ec3 b\u1ea1n c\u00f3 th\u1ec3 x\u1eed l\u00fd ch\u00fang.<\/span><\/p>\n<p class=\"ng-star-inserted\"><strong><span class=\"ng-star-inserted\">T\u00f4i l\u00e0 m\u1ed9t Reiki Master \u0111\u01b0\u1ee3c ch\u1ee9ng nh\u1eadn, \u0111\u00e3 l\u00e0m vi\u1ec7c v\u1edbi vi\u1ec7c \u0111i\u1ec1u tr\u1ecb c\u0169ng nh\u01b0 \u0111\u00e0o t\u1ea1o c\u00e1c h\u1ecdc vi\u00ean Reiki kh\u00e1c t\u1eeb n\u0103m 2015.<\/span><\/strong><\/p>\n\t\t\n<style>\n#text-3960125531 {\n  color: rgb(0,0,0);\n}\n#text-3960125531 > * {\n  color: rgb(0,0,0);\n}\n<\/style>\n\t<\/div>\n\t\n\t\t<\/div>\n\t\t\t\t\t<\/div>\n\n\t\n<\/div>\n\t\t<\/div>\n\n\t\t\n<style>\n#section_1860954675 {\n  padding-top: 30px;\n  padding-bottom: 30px;\n}\n<\/style>\n\t<\/section>\n\t\n","protected":false},"excerpt":{"rendered":"","protected":false},"author":1,"featured_media":0,"parent":431,"menu_order":0,"comment_status":"closed","ping_status":"closed","template":"page-blank.php","meta":{"footnotes":""},"class_list":["post-463","page","type-page","status-publish","hentry"],"_links":{"self":[{"href":"https:\/\/nbhypnos.com\/vi\/wp-json\/wp\/v2\/pages\/463","targetHints":{"allow":["GET"]}}],"collection":[{"href":"https:\/\/nbhypnos.com\/vi\/wp-json\/wp\/v2\/pages"}],"about":[{"href":"https:\/\/nbhypnos.com\/vi\/wp-json\/wp\/v2\/types\/page"}],"author":[{"embeddable":true,"href":"https:\/\/nbhypnos.com\/vi\/wp-json\/wp\/v2\/users\/1"}],"replies":[{"embeddable":true,"href":"https:\/\/nbhypnos.com\/vi\/wp-json\/wp\/v2\/comments?post=463"}],"version-history":[{"count":5,"href":"https:\/\/nbhypnos.com\/vi\/wp-json\/wp\/v2\/pages\/463\/revisions"}],"predecessor-version":[{"id":1286,"href":"https:\/\/nbhypnos.com\/vi\/wp-json\/wp\/v2\/pages\/463\/revisions\/1286"}],"up":[{"embeddable":true,"href":"https:\/\/nbhypnos.com\/vi\/wp-json\/wp\/v2\/pages\/431"}],"wp:attachment":[{"href":"https:\/\/nbhypnos.com\/vi\/wp-json\/wp\/v2\/media?parent=463"}],"curies":[{"name":"wp","href":"https:\/\/api.w.org\/{rel}","templated":true}]}}