{"id":454,"date":"2025-07-18T10:57:34","date_gmt":"2025-07-18T10:57:34","guid":{"rendered":"http:\/\/pickle.jobonline.website\/?page_id=454"},"modified":"2025-09-23T09:13:57","modified_gmt":"2025-09-23T09:13:57","slug":"lieu-phap-tan-so","status":"publish","type":"page","link":"https:\/\/nbhypnos.com\/vi\/phuong-phap-dieu-tri\/lieu-phap-tan-so\/","title":{"rendered":"Li\u1ec7u ph\u00e1p t\u1ea7n s\u1ed1"},"content":{"rendered":"\n\t<section class=\"section sec-top-title\" id=\"section_1268028289\">\n\t\t<div class=\"section-bg fill\" >\n\t\t\t<img loading=\"lazy\" decoding=\"async\" width=\"1440\" height=\"252\" src=\"https:\/\/nbhypnos.com\/wp-content\/uploads\/2025\/07\/About-Us.png\" class=\"bg attachment-original size-original\" alt=\"\" \/>\t\t\t\t\t\t\n\t\t\t\n\n\t\t<\/div>\n\n\t\t\n\n\t\t<div class=\"section-content relative\">\n\t\t\t\n<div class=\"row row-collapse align-center\"  id=\"row-1604668335\">\n\n\t<div id=\"col-265632611\" class=\"col medium-5 small-12 large-5\"  >\n\t\t\t\t<div class=\"col-inner\"  >\n\t\t\t\n\t\t\t\n\t<div id=\"text-3626562938\" class=\"text\">\n\t\t\n<h2>Li\u1ec7u ph\u00e1p t\u1ea7n s\u1ed1<\/h2>\n\t\t\n<style>\n#text-3626562938 {\n  text-align: center;\n}\n<\/style>\n\t<\/div>\n\t\n\t\t<\/div>\n\t\t\t\t\t<\/div>\n\n\t\n<\/div>\n\t\t<\/div>\n\n\t\t\n<style>\n#section_1268028289 {\n  padding-top: 30px;\n  padding-bottom: 30px;\n  min-height: 252px;\n}\n<\/style>\n\t<\/section>\n\t\n\n\t<section class=\"section\" id=\"section_804154268\">\n\t\t<div class=\"section-bg fill\" >\n\t\t\t\t\t\t\t\t\t\n\t\t\t\n\n\t\t<\/div>\n\n\t\t\n\n\t\t<div class=\"section-content relative\">\n\t\t\t\n<div class=\"row align-middle\"  id=\"row-1615488354\">\n\n\t<div id=\"col-1329014813\" class=\"col col-left-about pb-0 medium-7 small-12 large-7\"  >\n\t\t\t\t<div class=\"col-inner\"  >\n\t\t\t\n\t\t\t\n<h3 class=\"thin-font\">NB Hypnos &amp; Homeopati<\/h3>\n<h1><span class=\"ng-star-inserted\">Li\u1ec7u ph\u00e1p t\u1ea7n s\u1ed1 Oberon<\/span><\/h1>\n<p><strong>NB Hypnos &amp; Homeopati<\/strong>\u00a0mong mu\u1ed1n gi\u00fap b\u1ea1n ph\u1ee5c h\u1ed3i s\u1ee9c kh\u1ecfe m\u1ed9t c\u00e1ch b\u1ec1n v\u1eefng, t\u1ef1 nhi\u00ean v\u00e0 nh\u1eb9 nh\u00e0ng, kh\u00f4ng g\u00e2y ra b\u1ea5t k\u1ef3 t\u00e1c d\u1ee5ng ph\u1ee5 n\u00e0o.<\/p>\n<p>T\u00f4i c\u00f3 th\u1ec3 \u0111\u1ed3ng h\u00e0nh c\u00f9ng b\u1ea1n tr\u1ef1c ti\u1ebfp t\u1ea1i m\u1ed9t v\u00f9ng qu\u00ea y\u00ean b\u00ecnh \u1edf Gothenburg, ho\u1eb7c ch\u00fang ta c\u00f3 th\u1ec3 k\u1ebft n\u1ed1i qua c\u00e1c n\u1ec1n t\u1ea3ng tr\u1ef1c tuy\u1ebfn nh\u01b0 Teams, Skype hay FaceTime.<\/p>\n<a class=\"button primary lowercase\"  style=\"border-radius:99px;\">\n\t\t<span>Li\u00ean h\u1ec7 ch\u00fang t\u00f4i<\/span>\n\t<\/a>\n\n<a class=\"button primary lowercase\"  style=\"border-radius:99px;\">\n\t\t<span>\u0110\u1eb7t l\u1ecbch li\u1ec7u tr\u00ecnh<\/span>\n\t<\/a>\n\n\t\t<\/div>\n\t\t\t\t\n<style>\n#col-1329014813 > .col-inner {\n  max-width: 553px;\n}\n<\/style>\n\t<\/div>\n\n\t\n\n\t<div id=\"col-1830560410\" class=\"col col-right-about pb-0 medium-5 small-12 large-5\"  >\n\t\t\t\t<div class=\"col-inner\"  >\n\t\t\t\n\t\t\t\n\t<div class=\"img has-hover x md-x lg-x y md-y lg-y\" id=\"image_1631228032\">\n\t\t\t\t\t\t\t\t<div class=\"img-inner dark\" >\n\t\t\t<img loading=\"lazy\" decoding=\"async\" width=\"469\" height=\"469\" src=\"https:\/\/nbhypnos.com\/wp-content\/uploads\/2025\/07\/Frame-18-1.png\" class=\"attachment-original size-original\" alt=\"\" srcset=\"https:\/\/nbhypnos.com\/wp-content\/uploads\/2025\/07\/Frame-18-1.png 469w, https:\/\/nbhypnos.com\/wp-content\/uploads\/2025\/07\/Frame-18-1-300x300.png 300w, https:\/\/nbhypnos.com\/wp-content\/uploads\/2025\/07\/Frame-18-1-150x150.png 150w\" sizes=\"auto, (max-width: 469px) 100vw, 469px\" \/>\t\t\t\t\t\t\n\t\t\t\t\t<\/div>\n\t\t\t\t\t\t\t\t\n<style>\n#image_1631228032 {\n  width: 100%;\n}\n<\/style>\n\t<\/div>\n\t\n\t\t<\/div>\n\t\t\t\t\n<style>\n#col-1830560410 > .col-inner {\n  max-width: 469px;\n}\n<\/style>\n\t<\/div>\n\n\t\n<\/div>\n\t\t<\/div>\n\n\t\t\n<style>\n#section_804154268 {\n  padding-top: 60px;\n  padding-bottom: 60px;\n}\n<\/style>\n\t<\/section>\n\t\n\n\t<section class=\"section\" id=\"section_1202712957\">\n\t\t<div class=\"section-bg fill\" >\n\t\t\t\t\t\t\t\t\t\n\t\t\t\n\n\t\t<\/div>\n\n\t\t\n\n\t\t<div class=\"section-content relative\">\n\t\t\t\n<div class=\"row\"  id=\"row-272953830\">\n\n\t<div id=\"col-932660499\" class=\"col pb-0 small-12 large-12\"  >\n\t\t\t\t<div class=\"col-inner\"  >\n\t\t\t\n\t\t\t\n\n\t\t<div class=\"tabbed-content hidden\">\n\t\t\t<h4 class=\"uppercase text-left\"># Hypnotherapy<\/h4>\n\t\t\t<ul class=\"nav nav-simple nav-vertical nav-normal nav-size-normal nav-left\" role=\"tablist\"><li id=\"tab-1.-vad-\u00e4r-hypnos?\" class=\"tab active has-icon\" role=\"presentation\"><a href=\"#tab_1.-vad-\u00e4r-hypnos?\" role=\"tab\" aria-selected=\"true\" aria-controls=\"tab_1.-vad-\u00e4r-hypnos?\"><span>1. Vad \u00e4r hypnos?<\/span><\/a><\/li>\n<li id=\"tab-2.-hypnos-\u2013-ett-kraftfullt-stadie!\" class=\"tab has-icon\" role=\"presentation\"><a href=\"#tab_2.-hypnos-\u2013-ett-kraftfullt-stadie!\" tabindex=\"-1\" role=\"tab\" aria-selected=\"false\" aria-controls=\"tab_2.-hypnos-\u2013-ett-kraftfullt-stadie!\"><span>2. Hypnos \u2013 ett kraftfullt stadie!<\/span><\/a><\/li>\n<li id=\"tab-3.-dynamisk-emotionell-terapi\" class=\"tab has-icon\" role=\"presentation\"><a href=\"#tab_3.-dynamisk-emotionell-terapi\" tabindex=\"-1\" role=\"tab\" aria-selected=\"false\" aria-controls=\"tab_3.-dynamisk-emotionell-terapi\"><span>3. Dynamisk Emotionell Terapi<\/span><\/a><\/li>\n<li id=\"tab-4.-sluta-r\u00f6ka-med-hypnos!\" class=\"tab has-icon\" role=\"presentation\"><a href=\"#tab_4.-sluta-r\u00f6ka-med-hypnos!\" tabindex=\"-1\" role=\"tab\" aria-selected=\"false\" aria-controls=\"tab_4.-sluta-r\u00f6ka-med-hypnos!\"><span>4. Sluta r\u00f6ka med hypnos!<\/span><\/a><\/li><\/ul><div class=\"tab-panels\"><div id=\"tab_1.-vad-\u00e4r-hypnos?\" class=\"panel active entry-content\" role=\"tabpanel\" aria-labelledby=\"tab-1.-vad-\u00e4r-hypnos?\">\n<p>Ordet hypnos a\u0308r ett ganska laddat ord och en del ma\u0308nniskor blir skra\u0308mda av ordet fo\u0308r att man har en uppfattning om att hypnos a\u0308r na\u030agot annat a\u0308n vad det verkligen a\u0308r. Pa\u030a 1900 talet fram tills ungefa\u0308r 1990 var det i stort sett endast ma\u0308n som som uto\u0308vade hypnos, a\u030atminstone har jag aldrig ho\u0308rt om kvinnor som hyp- notiserade innan dess. Gamla bilder avslo\u0308jar att man ho\u0308ll kvar mystiken fo\u0308r gemene man genom publicera bilder pa\u030a affischer, bo\u0308cker med mera. Dessa bilder inneho\u0308ll i stort sett alltid en manlig hypnotiso\u0308r. I de flesta fall poserade de fra\u030an fa\u030agelperspektiv, ned mot en kvinnlig klient, vilket i sig ger bilden av mani- pulation och makt. Sedan har medier som film, tv, radio med mera gjort sitt ba\u0308sta fo\u0308r att ge hypnos en mystisk klang. Exempelvis filmsekvenser med inslag av hypnos som fo\u0308r det mesta hade en negativ klang Hypnoso\u0308ver sig, sa\u030a det a\u0308r ju inte konstigt att ma\u0308nniskor har fa\u030att en felaktig bild av hypnos.<\/p>\n<\/div>\n<div id=\"tab_2.-hypnos-\u2013-ett-kraftfullt-stadie!\" class=\"panel entry-content\" role=\"tabpanel\" aria-labelledby=\"tab-2.-hypnos-\u2013-ett-kraftfullt-stadie!\">\n<\/div>\n<div id=\"tab_3.-dynamisk-emotionell-terapi\" class=\"panel entry-content\" role=\"tabpanel\" aria-labelledby=\"tab-3.-dynamisk-emotionell-terapi\">\n<\/div>\n<div id=\"tab_4.-sluta-r\u00f6ka-med-hypnos!\" class=\"panel entry-content\" role=\"tabpanel\" aria-labelledby=\"tab-4.-sluta-r\u00f6ka-med-hypnos!\">\n<\/div><\/div><\/div>\n\t\t<\/div>\n\t\t\t\t\t<\/div>\n\n\t\n<\/div>\n\t\t<\/div>\n\n\t\t\n<style>\n#section_1202712957 {\n  padding-top: 30px;\n  padding-bottom: 30px;\n}\n<\/style>\n\t<\/section>\n\t\n\n\t<section class=\"section sec-detail\" id=\"section_774934519\">\n\t\t<div class=\"section-bg fill\" >\n\t\t\t\t\t\t\t\t\t\n\t\t\t\n\n\t\t<\/div>\n\n\t\t\n\n\t\t<div class=\"section-content relative\">\n\t\t\t\n<div class=\"row\"  id=\"row-1763507428\">\n\n\t<div id=\"col-515214250\" class=\"col pb-0 small-12 large-12\"  >\n\t\t\t\t<div class=\"col-inner\"  >\n\t\t\t\n\t\t\t\n<h2><strong class=\"ng-star-inserted\"><span class=\"ng-star-inserted\">C\u1ea3i thi\u1ec7n s\u1ee9c kh\u1ecfe v\u1edbi c\u1ed9ng h\u01b0\u1edfng sinh h\u1ecdc<\/span><\/strong><\/h2>\n<p class=\"ng-star-inserted\"><span class=\"ng-star-inserted\">C\u1ed9ng h\u01b0\u1edfng sinh h\u1ecdc, m\u1ed9t h\u00ecnh th\u1ee9c c\u1ee7a\u00a0<\/span><span class=\"ng-star-inserted\">li\u1ec7u ph\u00e1p t\u1ea7n s\u1ed1<\/span><span class=\"ng-star-inserted\">\u00a0Oberon, c\u00f3 th\u1ec3 \u0111\u01b0\u1ee3c s\u1eed d\u1ee5ng \u0111\u1ec3 ph\u00e2n t\u00edch v\u00e0 c\u00e2n b\u1eb1ng c\u00e1c ch\u1ee9c n\u0103ng c\u1ee7a c\u01a1 th\u1ec3. B\u1eb1ng c\u00e1ch \u0111\u1ecdc c\u00e1c m\u1eabu t\u1ea7n s\u1ed1 v\u00e0 sai l\u1ec7ch c\u1ee7a t\u1ebf b\u00e0o, ch\u00fang ta c\u00f3 th\u1ec3 th\u1ea5y nh\u1eefng g\u00ec c\u1ea7n \u0111\u01b0\u1ee3c c\u00e2n b\u1eb1ng v\u00e0 b\u1eb1ng c\u00e1ch n\u00e0o. C\u00e1c sai l\u1ec7ch n\u00e0y l\u00e0 duy nh\u1ea5t v\u00e0 do \u0111\u00f3 vi\u1ec7c c\u00e2n b\u1eb1ng c\u0169ng tr\u1edf n\u00ean \u0111\u1ed9c \u0111\u00e1o v\u00e0 \u0111\u01b0\u1ee3c t\u00f9y ch\u1ec9nh ri\u00eang.<\/span><\/p>\n<p class=\"ng-star-inserted\"><span class=\"ng-star-inserted\">Sau khi \u0111o l\u01b0\u1eddng ban \u0111\u1ea7u to\u00e0n b\u1ed9 c\u01a1 th\u1ec3 ho\u1eb7c c\u00e1c b\u1ed9 ph\u1eadn ri\u00eang l\u1ebb, c\u00f3 th\u1ec3 th\u1ef1c hi\u1ec7n ph\u00e2n t\u00edch s\u00e2u h\u01a1n v\u1ec1 c\u00e1c c\u01a1 quan ho\u1eb7c c\u01a1 b\u1eafp c\u1ee5 th\u1ec3. Ph\u00e2n t\u00edch cho th\u1ea5y c\u00e1c g\u00e1nh n\u1eb7ng trong c\u00e1c c\u01a1 quan \u0111\u01b0\u1ee3c ch\u1ecdn. C\u00e1c c\u01a1 quan b\u1ecb suy y\u1ebfu c\u00f3 th\u1ec3 \u0111\u01b0\u1ee3c c\u00e2n b\u1eb1ng \u0111\u1ec3 c\u00f3 ch\u1ee9c n\u0103ng kh\u1ecfe m\u1ea1nh h\u01a1n. Oberon c\u0169ng \u0111\u00e1nh d\u1ea5u c\u00e1c vi sinh v\u1eadt (k\u00fd sinh tr\u00f9ng, n\u1ea5m m\u1ed1c, giun, n\u1ea5m, vi khu\u1ea9n, virus) g\u00e2y r\u1ed1i cho c\u01a1 th\u1ec3 v\u00e0 c\u00f3 th\u1ec3 l\u00e0m suy y\u1ebfu ch\u00fang. Vi\u1ec7c c\u00e2n b\u1eb1ng b\u1eb1ng\u00a0<\/span><span class=\"ng-star-inserted\">li\u1ec7u ph\u00e1p t\u1ea7n s\u1ed1<\/span><span class=\"ng-star-inserted\">\u00a0n\u00e0y c\u00f3 th\u1ec3 \u0111\u01b0\u1ee3c th\u1ef1c hi\u1ec7n t\u1ea1i ch\u1ed7 ho\u1eb7c t\u1eeb xa.<\/span><\/p>\n<p><img loading=\"lazy\" decoding=\"async\" class=\"aligncenter wp-image-342 size-full\" src=\"https:\/\/nbhypnos.com\/wp-content\/uploads\/2025\/07\/image.png\" alt=\"Thi\u1ebft b\u1ecb Oberon Biofeedback s\u1eed d\u1ee5ng trong li\u1ec7u ph\u00e1p t\u1ea7n s\u1ed1, bao g\u1ed3m m\u00e1y ch\u00ednh, tai nghe v\u00e0 c\u00e1c d\u1ee5ng c\u1ee5 h\u1ed7 tr\u1ee3.\" width=\"596\" height=\"331\" srcset=\"https:\/\/nbhypnos.com\/wp-content\/uploads\/2025\/07\/image.png 596w, https:\/\/nbhypnos.com\/wp-content\/uploads\/2025\/07\/image-300x167.png 300w\" sizes=\"auto, (max-width: 596px) 100vw, 596px\" \/><\/p>\n\t\t<\/div>\n\t\t\t\t\t<\/div>\n\n\t\n<\/div>\n\t\t<\/div>\n\n\t\t\n<style>\n#section_774934519 {\n  padding-top: 30px;\n  padding-bottom: 30px;\n}\n<\/style>\n\t<\/section>\n\t\n\n\t<section class=\"section sec-detail\" id=\"section_578285962\">\n\t\t<div class=\"section-bg fill\" >\n\t\t\t\t\t\t\t\t\t\n\t\t\t\n\n\t\t<\/div>\n\n\t\t\n\n\t\t<div class=\"section-content relative\">\n\t\t\t\n<div class=\"row\"  id=\"row-2041379555\">\n\n\t<div id=\"col-728014513\" class=\"col pb-0 small-12 large-12\"  >\n\t\t\t\t<div class=\"col-inner\"  >\n\t\t\t\n\t\t\t\n<h2><strong class=\"ng-star-inserted\"><span class=\"ng-star-inserted\">C\u00e1c ch\u1ee9c n\u0103ng trong li\u1ec7u ph\u00e1p t\u1ea7n s\u1ed1 c\u1ed9ng h\u01b0\u1edfng sinh h\u1ecdc Oberon<\/span><\/strong><\/h2>\n<p class=\"ng-star-inserted\"><span class=\"ng-star-inserted\">Oberon l\u00e0 m\u1ed9t thi\u1ebft b\u1ecb ti\u00ean ti\u1ebfn v\u1edbi tr\u00ecnh b\u00e0y \u0111\u1ed3 h\u1ecda tuy\u1ec7t v\u1eddi. Oberon c\u00f3 kh\u1ea3 n\u0103ng tuy\u1ec7t v\u1eddi \u0111\u1ec3 ph\u00e1t hi\u1ec7n s\u1ef1 m\u1ea5t c\u00e2n b\u1eb1ng trong c\u00e1c m\u00f4 c\u1ee7a con ng\u01b0\u1eddi. T\u1ed5ng h\u1ee3p l\u1ea1i, n\u00f3 mang l\u1ea1i nh\u1eefng c\u01a1 h\u1ed9i l\u1edbn trong c\u1ea3 ph\u00e2n t\u00edch v\u00e0 \u0111i\u1ec1u tr\u1ecb. Oberon mang \u0111\u1ebfn nh\u1eefng kh\u1ea3 n\u0103ng ho\u00e0n to\u00e0n m\u1edbi \u0111\u1ec3 hi\u1ec3u \u0111i\u1ec1u g\u00ec \u0111\u00fang v\u00e0 sai trong c\u01a1 th\u1ec3. Do \u0111\u00f3, ch\u00fang t\u00f4i c\u00f3 m\u1ed9t c\u00f4ng c\u1ee5 h\u1ed7 tr\u1ee3 r\u1ea5t t\u1ed1t \u0111\u1ec3 hi\u1ec3u nh\u1eefng g\u00ec c\u00f3 th\u1ec3 c\u1ea7n \u0111\u01b0\u1ee3c \u0111i\u1ec1u tr\u1ecb v\u00e0 ph\u01b0\u01a1ng ph\u00e1p \u0111i\u1ec1u tr\u1ecb n\u00e0o l\u00e0 \u0111\u00fang \u0111\u1eafn.<\/span><\/p>\n<p class=\"ng-star-inserted\"><span class=\"ng-star-inserted\">T\u01b0\u01a1ng t\u1ef1 nh\u01b0 c\u00f4ng ngh\u1ec7 trong m\u00e1y ch\u1ee5p c\u1ed9ng h\u01b0\u1edfng t\u1eeb v\u00e0 kh\u1ea3 n\u0103ng c\u1ee7a si\u00eau \u00e2m, c\u0169ng d\u1ef1a tr\u00ean vi\u1ec7c \u0111o t\u1ea7n s\u1ed1 v\u00e0 n\u0103ng l\u01b0\u1ee3ng, Oberon ho\u1ea1t \u0111\u1ed9ng b\u1eb1ng c\u00e1ch di\u1ec5n gi\u1ea3i v\u00e0 c\u00e2n b\u1eb1ng ph\u1ed5 t\u1ea7n s\u1ed1 trong c\u01a1 th\u1ec3. M\u1ed9t \u01b0u \u0111i\u1ec3m l\u1edbn c\u1ee7a\u00a0<\/span><span class=\"ng-star-inserted\">li\u1ec7u ph\u00e1p t\u1ea7n s\u1ed1<\/span><span class=\"ng-star-inserted\">\u00a0Oberon l\u00e0 ph\u1ea3n h\u1ed3i tr\u1ef1c ti\u1ebfp trong qu\u00e1 tr\u00ecnh l\u00e0m vi\u1ec7c.<\/span><\/p>\n<p class=\"ng-star-inserted\"><span class=\"ng-star-inserted\">V\u1edbi\u00a0<\/span><span class=\"ng-star-inserted\">li\u1ec7u ph\u00e1p t\u1ea7n s\u1ed1<\/span><span class=\"ng-star-inserted\">\u00a0c\u1ed9ng h\u01b0\u1edfng sinh h\u1ecdc Oberon, ch\u00fang t\u00f4i c\u0169ng t\u00ecm ki\u1ebfm g\u00e1nh n\u1eb7ng t\u1eeb vi sinh v\u1eadt. \u0110\u00f3 c\u00f3 th\u1ec3 l\u00e0 vi khu\u1ea9n, k\u00fd sinh tr\u00f9ng, n\u1ea5m m\u1ed1c ho\u1eb7c n\u1ea5m. N\u1ebfu ch\u00fang t\u1ed3n t\u1ea1i trong c\u01a1 th\u1ec3, ch\u00fang s\u1ebd l\u00e0m r\u1ed1i lo\u1ea1n ch\u1ee9c n\u0103ng c\u1ee7a t\u1ebf b\u00e0o v\u00e0 bi\u1ec3u hi\u1ec7n ra ngo\u00e0i d\u01b0\u1edbi d\u1ea1ng tri\u1ec7u ch\u1ee9ng. Nguy\u00ean nh\u00e2n kh\u00f4ng ph\u1ea3i l\u00fac n\u00e0o c\u0169ng n\u1eb1m \u1edf n\u01a1i b\u1ea1n c\u1ea3m th\u1ea5y \u0111au. Trong ch\u01b0\u01a1ng tr\u00ecnh, ch\u00fang t\u00f4i nh\u1eadn \u0111\u01b0\u1ee3c th\u00f4ng tin v\u1ec1 n\u01a1i v\u1ea5n \u0111\u1ec1 th\u1ef1c s\u1ef1 n\u1eb1m. \u0110i\u1ec1u n\u00e0y mang l\u1ea1i c\u01a1 h\u1ed9i l\u1edbn h\u01a1n \u0111\u1ec3 c\u00e2n b\u1eb1ng nh\u1eb1m \u0111\u1ea1t \u0111\u01b0\u1ee3c s\u1ef1 c\u1ea3i thi\u1ec7n l\u00e2u d\u00e0i.<\/span><\/p>\n<p><img loading=\"lazy\" decoding=\"async\" class=\"aligncenter wp-image-340 size-full\" src=\"https:\/\/nbhypnos.com\/wp-content\/uploads\/2025\/07\/image2-480x267-1.png\" alt=\"Giao di\u1ec7n ph\u1ea7n m\u1ec1m Oberon \u0111ang qu\u00e9t v\u00e0 ph\u00e2n t\u00edch to\u00e0n b\u1ed9 c\u01a1 th\u1ec3, hi\u1ec3n th\u1ecb c\u00e1c h\u1ec7 th\u1ed1ng c\u01a1 v\u00e0 vi sinh v\u1eadt.\" width=\"480\" height=\"267\" srcset=\"https:\/\/nbhypnos.com\/wp-content\/uploads\/2025\/07\/image2-480x267-1.png 480w, https:\/\/nbhypnos.com\/wp-content\/uploads\/2025\/07\/image2-480x267-1-300x167.png 300w\" sizes=\"auto, (max-width: 480px) 100vw, 480px\" \/><\/p>\n\t\t<\/div>\n\t\t\t\t\t<\/div>\n\n\t\n<\/div>\n\t\t<\/div>\n\n\t\t\n<style>\n#section_578285962 {\n  padding-top: 30px;\n  padding-bottom: 30px;\n}\n<\/style>\n\t<\/section>\n\t\n\n\t<section class=\"section sec-detail\" id=\"section_1988077114\">\n\t\t<div class=\"section-bg fill\" >\n\t\t\t\t\t\t\t\t\t\n\t\t\t\n\n\t\t<\/div>\n\n\t\t\n\n\t\t<div class=\"section-content relative\">\n\t\t\t\n<div class=\"row\"  id=\"row-386196693\">\n\n\t<div id=\"col-1466733656\" class=\"col pb-0 small-12 large-12\"  >\n\t\t\t\t<div class=\"col-inner\"  >\n\t\t\t\n\t\t\t\n\t<div id=\"text-2418775383\" class=\"text\">\n\t\t\n<h2><strong><strong class=\"ng-star-inserted\"><span class=\"ng-star-inserted\">Li\u1ec7u ph\u00e1p t\u1ea7n s\u1ed1 c\u00f3 th\u1ec3 gi\u00fap t\u00f4i nh\u1eefng g\u00ec?<\/span><\/strong><\/strong><\/h2>\n<p class=\"ng-star-inserted\"><span class=\"ng-star-inserted\">C\u1ed9ng h\u01b0\u1edfng sinh h\u1ecdc \u0111o l\u01b0\u1eddng t\u00ecnh tr\u1ea1ng c\u00e1c c\u01a1 quan c\u1ee7a b\u1ea1n v\u00e0 nh\u1eefng g\u00e1nh n\u1eb7ng c\u00f3 th\u1ec3 c\u00f3. N\u00f3 t\u0103ng c\u01b0\u1eddng c\u00e1c c\u01a1 quan, c\u01a1 b\u1eafp v\u00e0 m\u00f4.<\/span><\/p>\n<p class=\"ng-star-inserted\"><span class=\"ng-star-inserted\">C\u00e1c l\u0129nh v\u1ef1c c\u00e2n b\u1eb1ng ph\u1ed5 bi\u1ebfn l\u00e0 \u0111au nh\u1ee9c, vi\u00eam xoang, c\u00e1c v\u1ea5n \u0111\u1ec1 v\u1ec1 l\u01b0ng v\u00e0 \u0111\u0129a \u0111\u1ec7m, d\u00e2y th\u1ea7n kinh, c\u00e1c v\u1ea5n \u0111\u1ec1 v\u1ec1 d\u1ea1 d\u00e0y v\u00e0 \u0111\u01b0\u1eddng ru\u1ed9t, c\u00e1c v\u1ea5n \u0111\u1ec1 v\u1ec1 t\u00fai m\u1eadt, h\u1ec7 b\u1ea1ch huy\u1ebft, c\u00e1c v\u1ea5n \u0111\u1ec1 v\u1ec1 \u0111\u1ea7u g\u1ed1i v\u00e0 kh\u1edbp, c\u1ea3m l\u1ea1nh, vi khu\u1ea9n v\u00e0 vi sinh v\u1eadt.<\/span><\/p>\n<p class=\"ng-star-inserted\"><strong class=\"ng-star-inserted\"><span class=\"ng-star-inserted\">Li\u1ec7u ph\u00e1p t\u1ea7n s\u1ed1<\/span><\/strong><span class=\"ng-star-inserted\">\u00a0c\u0169ng c\u00f3 th\u1ec3 \u0111\u01b0\u1ee3c th\u1ef1c hi\u1ec7n t\u1eeb xa.<\/span><img loading=\"lazy\" decoding=\"async\" class=\"aligncenter wp-image-338 size-full\" src=\"http:\/\/pickle.jobonline.website\/wp-content\/uploads\/2025\/07\/image3-480x268-1.png\" alt=\"M\u00e0n h\u00ecnh \u0111i\u1ec1u tr\u1ecb c\u1ee7a m\u00e1y Oberon hi\u1ec3n th\u1ecb qu\u00e1 tr\u00ecnh qu\u00e9t chi ti\u1ebft v\u00f9ng \u0111\u1ea7u v\u00e0 c\u1ed5 \u0111\u1ec3 c\u00e2n b\u1eb1ng n\u0103ng l\u01b0\u1ee3ng.\" width=\"480\" height=\"268\" srcset=\"https:\/\/nbhypnos.com\/wp-content\/uploads\/2025\/07\/image3-480x268-1.png 480w, https:\/\/nbhypnos.com\/wp-content\/uploads\/2025\/07\/image3-480x268-1-300x168.png 300w\" sizes=\"auto, (max-width: 480px) 100vw, 480px\" \/><\/p>\n\t\t\n<style>\n#text-2418775383 {\n  color: rgb(0,0,0);\n}\n#text-2418775383 > * {\n  color: rgb(0,0,0);\n}\n<\/style>\n\t<\/div>\n\t\n<h3><span class=\"ng-star-inserted\">V\u1eady c\u00f2n c\u00e1c kh\u1edbp b\u1ecb \u0111au th\u00ec sao, li\u1ec7u ph\u00e1p t\u1ea7n s\u1ed1 Oberon c\u00f3 th\u1ec3 gi\u00fap \u0111\u01b0\u1ee3c kh\u00f4ng?<\/span><\/h3>\n<p><span class=\"ng-star-inserted\">\u0110au kh\u1edbp ng\u00f3n tay l\u00e0 m\u1ed9t \u0111i\u1ec1u r\u1ea5t phi\u1ec1n to\u00e1i. C\u01a1n \u0111au t\u0103ng l\u00ean m\u1ed7i khi s\u1eed d\u1ee5ng b\u00e0n tay. \u0110\u00f3 l\u00e0 t\u00ecnh tr\u1ea1ng c\u1ee7a \u00c5sa trong nhi\u1ec1u n\u0103m.<\/span><br class=\"ng-star-inserted\" \/><span class=\"ng-star-inserted\">T\u00ecnh h\u00ecnh ng\u00e0y c\u00e0ng leo thang \u0111\u1ebfn m\u1ee9c c\u00f4 kh\u00f4ng th\u1ec3 nh\u1ea5c n\u1ed5i m\u1ed9t chi\u1ebfc ly r\u1ed7ng m\u00e0 kh\u00f4ng c\u1ea3m th\u1ea5y qu\u00e1 \u0111au. T\u00ecnh tr\u1ea1ng tr\u1edf n\u00ean t\u1ed3i t\u1ec7 h\u01a1n, ch\u1ec9 c\u1ea7n ch\u1ea1m v\u00e0o ng\u00f3n tay c\u00e1i l\u00e0 c\u00f4 \u0111\u00e3 mu\u1ed1n kh\u00f3c v\u00ec \u0111au. Sau m\u1ed9t tu\u1ea7n ch\u1ecbu \u0111\u1ef1ng nh\u1eefng c\u01a1n \u0111au n\u00e0y, c\u00f4 \u0111\u00e3 \u0111\u01b0\u1ee3c \u0111i\u1ec1u tr\u1ecb b\u1eb1ng Oberon.<\/span><br class=\"ng-star-inserted\" \/><span class=\"ng-star-inserted\">Vi\u1ec7c \u0111i\u1ec1u tr\u1ecb t\u1eadp trung v\u00e0o c\u00e1c kh\u1edbp, b\u1ec1 m\u1eb7t kh\u1edbp, \u0111\u1ed9ng m\u1ea1ch v\u00e0 t\u0129nh m\u1ea1ch c\u1ee7a b\u00e0n tay. \u00c5sa ch\u01b0a bao gi\u1edd tr\u1ea3i qua m\u1ed9t s\u1ef1 thay \u0111\u1ed5i l\u1edbn nh\u01b0 v\u1eady. C\u01a1n \u0111au gi\u1ea3m d\u1ea7n v\u00e0 sau v\u00e0i ng\u00e0y th\u00ec kh\u00f4ng c\u00f2n \u0111au n\u1eefa. C\u1ee9 nh\u01b0 th\u1ec3 c\u01a1n \u0111au ch\u01b0a t\u1eebng t\u1ed3n t\u1ea1i v\u00e0 b\u00e0n tay ho\u1ea1t \u0111\u1ed9ng b\u00ecnh th\u01b0\u1eddng nh\u01b0 v\u1ed1n c\u00f3. \u00c5sa r\u1ea5t vui v\u00ec \u0111i\u1ec1u \u0111\u00f3.<\/span><br class=\"ng-star-inserted\" \/><span class=\"ng-star-inserted\">N\u1ebfu b\u1ea1n c\u00f3 nh\u1eefng v\u1ea5n \u0111\u1ec1 c\u1ea3n tr\u1edf b\u1ea1n trong cu\u1ed9c s\u1ed1ng h\u00e0ng ng\u00e0y, h\u00e3y th\u1eed \u0111i\u1ec1u tr\u1ecb v\u1edbi Oberon. N\u00f3 c\u00f3 th\u1ec3 gi\u00fap b\u1ea1n l\u1ea5y l\u1ea1i kh\u1ea3 n\u0103ng v\u1eadn \u0111\u1ed9ng.<\/span><\/p>\n\n  \n    <div class=\"row large-columns-2 medium-columns- small-columns-\" >\n  <div class=\"gallery-col col\" >\n          <div class=\"col-inner\">\n            <a class=\"image-lightbox lightbox-gallery\" href=\"https:\/\/nbhypnos.com\/wp-content\/uploads\/2025\/07\/image3-480x268-1.png\" title=\"\">            <div class=\"box has-hover gallery-box box-overlay dark\">\n              <div class=\"box-image\" >\n                <img loading=\"lazy\" decoding=\"async\" width=\"300\" height=\"168\" src=\"https:\/\/nbhypnos.com\/wp-content\/uploads\/2025\/07\/image3-480x268-1-300x168.png\" class=\"attachment-medium size-medium\" alt=\"Li\u1ec7u ph\u00e1p Oberon qu\u00e9t v\u00e0 \u0111i\u1ec1u tr\u1ecb c\u00e1c v\u1ea5n \u0111\u1ec1 x\u01b0\u01a1ng kh\u1edbp, minh h\u1ecda cho vi\u1ec7c gi\u1ea3m \u0111au \u1edf kh\u1edbp ng\u00f3n tay.\" ids=\"865,871\" columns=\"2\" srcset=\"https:\/\/nbhypnos.com\/wp-content\/uploads\/2025\/07\/image3-480x268-1-300x168.png 300w, https:\/\/nbhypnos.com\/wp-content\/uploads\/2025\/07\/image3-480x268-1.png 480w\" sizes=\"auto, (max-width: 300px) 100vw, 300px\" \/>                                  <div class=\"overlay fill\"\n                      style=\"background-color: rgba(0,0,0,.15)\">\n                  <\/div>\n                                                              <\/div>\n              <div class=\"box-text text-left\" >\n                 <p><\/p>\n              <\/div>\n            <\/div>\n            <\/a>          <\/div>\n         <\/div><div class=\"gallery-col col\" >\n          <div class=\"col-inner\">\n            <a class=\"image-lightbox lightbox-gallery\" href=\"https:\/\/nbhypnos.com\/wp-content\/uploads\/2025\/07\/image5-480x274-1.png\" title=\"\">            <div class=\"box has-hover gallery-box box-overlay dark\">\n              <div class=\"box-image\" >\n                <img loading=\"lazy\" decoding=\"async\" width=\"300\" height=\"171\" src=\"https:\/\/nbhypnos.com\/wp-content\/uploads\/2025\/07\/image5-480x274-1-300x171.png\" class=\"attachment-medium size-medium\" alt=\"H\u00ecnh \u1ea3nh m\u00f4 t\u1ea3 qu\u00e1 tr\u00ecnh m\u00e1y Oberon \u0111i\u1ec1u tr\u1ecb c\u01a1n \u0111au \u1edf b\u00e0n tay, gi\u00fap gi\u1ea3m c\u00e1c tri\u1ec7u ch\u1ee9ng vi\u00eam kh\u1edbp v\u00e0 kh\u00f3 ch\u1ecbu.\" ids=\"865,871\" columns=\"2\" srcset=\"https:\/\/nbhypnos.com\/wp-content\/uploads\/2025\/07\/image5-480x274-1-300x171.png 300w, https:\/\/nbhypnos.com\/wp-content\/uploads\/2025\/07\/image5-480x274-1.png 480w\" sizes=\"auto, (max-width: 300px) 100vw, 300px\" \/>                                  <div class=\"overlay fill\"\n                      style=\"background-color: rgba(0,0,0,.15)\">\n                  <\/div>\n                                                              <\/div>\n              <div class=\"box-text text-left\" >\n                 <p><\/p>\n              <\/div>\n            <\/div>\n            <\/a>          <\/div>\n         <\/div><\/div>\n\t\t<\/div>\n\t\t\t\t\t<\/div>\n\n\t\n<\/div>\n\t\t<\/div>\n\n\t\t\n<style>\n#section_1988077114 {\n  padding-top: 30px;\n  padding-bottom: 30px;\n}\n<\/style>\n\t<\/section>\n\t\n","protected":false},"excerpt":{"rendered":"","protected":false},"author":1,"featured_media":0,"parent":431,"menu_order":0,"comment_status":"closed","ping_status":"closed","template":"page-blank.php","meta":{"footnotes":""},"class_list":["post-454","page","type-page","status-publish","hentry"],"_links":{"self":[{"href":"https:\/\/nbhypnos.com\/vi\/wp-json\/wp\/v2\/pages\/454","targetHints":{"allow":["GET"]}}],"collection":[{"href":"https:\/\/nbhypnos.com\/vi\/wp-json\/wp\/v2\/pages"}],"about":[{"href":"https:\/\/nbhypnos.com\/vi\/wp-json\/wp\/v2\/types\/page"}],"author":[{"embeddable":true,"href":"https:\/\/nbhypnos.com\/vi\/wp-json\/wp\/v2\/users\/1"}],"replies":[{"embeddable":true,"href":"https:\/\/nbhypnos.com\/vi\/wp-json\/wp\/v2\/comments?post=454"}],"version-history":[{"count":8,"href":"https:\/\/nbhypnos.com\/vi\/wp-json\/wp\/v2\/pages\/454\/revisions"}],"predecessor-version":[{"id":1275,"href":"https:\/\/nbhypnos.com\/vi\/wp-json\/wp\/v2\/pages\/454\/revisions\/1275"}],"up":[{"embeddable":true,"href":"https:\/\/nbhypnos.com\/vi\/wp-json\/wp\/v2\/pages\/431"}],"wp:attachment":[{"href":"https:\/\/nbhypnos.com\/vi\/wp-json\/wp\/v2\/media?parent=454"}],"curies":[{"name":"wp","href":"https:\/\/api.w.org\/{rel}","templated":true}]}}