{"id":431,"date":"2025-07-18T15:29:30","date_gmt":"2025-07-18T15:29:30","guid":{"rendered":"http:\/\/pickle.jobonline.website\/?page_id=431"},"modified":"2025-09-19T07:01:48","modified_gmt":"2025-09-19T07:01:48","slug":"phuong-phap-dieu-tri","status":"publish","type":"page","link":"https:\/\/nbhypnos.com\/vi\/phuong-phap-dieu-tri\/","title":{"rendered":"Ph\u01b0\u01a1ng ph\u00e1p \u0111i\u1ec1u tr\u1ecb"},"content":{"rendered":"\n\t<section class=\"section sec-top-title\" id=\"section_1481802295\">\n\t\t<div class=\"section-bg fill\" >\n\t\t\t<img loading=\"lazy\" decoding=\"async\" width=\"1440\" height=\"252\" src=\"https:\/\/nbhypnos.com\/wp-content\/uploads\/2025\/07\/About-Us.png\" class=\"bg attachment-original size-original\" alt=\"\" \/>\t\t\t\t\t\t\n\t\t\t\n\n\t\t<\/div>\n\n\t\t\n\n\t\t<div class=\"section-content relative\">\n\t\t\t\n<div class=\"row row-collapse align-center\"  id=\"row-626515917\">\n\n\t<div id=\"col-1230572676\" class=\"col medium-5 small-12 large-5\"  >\n\t\t\t\t<div class=\"col-inner\"  >\n\t\t\t\n\t\t\t\n\t<div id=\"text-1944857232\" class=\"text\">\n\t\t\n<h2>Ph\u01b0\u01a1ng ph\u00e1p \u0111i\u1ec1u tr\u1ecb<\/h2>\n\t\t\n<style>\n#text-1944857232 {\n  text-align: center;\n}\n<\/style>\n\t<\/div>\n\t\n\t\t<\/div>\n\t\t\t\t\t<\/div>\n\n\t\n<\/div>\n\t\t<\/div>\n\n\t\t\n<style>\n#section_1481802295 {\n  padding-top: 30px;\n  padding-bottom: 30px;\n  min-height: 252px;\n}\n<\/style>\n\t<\/section>\n\t\n\n\t<section class=\"section\" id=\"section_723299942\">\n\t\t<div class=\"section-bg fill\" >\n\t\t\t\t\t\t\t\t\t\n\t\t\t\n\n\t\t<\/div>\n\n\t\t\n\n\t\t<div class=\"section-content relative\">\n\t\t\t\n<div class=\"row\"  id=\"row-1515444522\">\n\n\t<div id=\"col-1235912964\" class=\"col col-left-about pb-0 medium-7 small-12 large-7\"  >\n\t\t\t\t<div class=\"col-inner\"  >\n\t\t\t\n\t\t\t\n<h3 class=\"thin-font\">NB Hypnos &amp; Homeopati<\/h3>\n<h2>C\u00e1c li\u1ec7u ph\u00e1p c\u1ee7a ch\u00fang t\u00f4i<\/h2>\n<p>T\u00f4i t\u00ean l\u00e0 Nhung Bohman v\u00e0 c\u00f3 kho\u1ea3ng 10 n\u0103m kinh nghi\u1ec7m l\u00e0m vi\u1ec7c v\u1edbi con ng\u01b0\u1eddi th\u00f4ng qua th\u00f4i mi\u00ean, li\u1ec7u ph\u00e1p t\u1ea7n s\u1ed1, vi l\u01b0\u1ee3ng \u0111\u1ed3ng c\u0103n c\u1ed5 \u0111i\u1ec3n\u2026 T\u00f4i \u0111\u01b0\u1ee3c ch\u1ee9ng nh\u1eadn trong l\u0129nh v\u1ef1c c\u1ee7a m\u00ecnh, c\u1ea3 v\u1edbi t\u01b0 c\u00e1ch l\u00e0 nh\u00e0 th\u00f4i mi\u00ean tr\u1ecb li\u1ec7u, chuy\u00ean gia dinh d\u01b0\u1ee1ng v\u00e0 vi l\u01b0\u1ee3ng \u0111\u1ed3ng c\u0103n c\u1ed5 \u0111i\u1ec3n.<\/p>\n<p>Th\u00f4ng qua vi\u1ec7c \u0111\u00e0o t\u1ea1o li\u00ean t\u1ee5c v\u00e0 nh\u1eefng nghi\u00ean c\u1ee9u chuy\u00ean s\u00e2u, t\u00f4i lu\u00f4n n\u1ed7 l\u1ef1c kh\u00f4ng ng\u1eebng \u0111\u1ec3 n\u00e2ng cao k\u1ef9 n\u0103ng nh\u1eb1m mang \u0111\u1ebfn cho kh\u00e1ch h\u00e0ng tr\u1ea3i nghi\u1ec7m tr\u1ecb li\u1ec7u t\u1ed1t nh\u1ea5t c\u00f3 th\u1ec3. T\u00f4i c\u0169ng l\u00e0 gi\u1ea3ng vi\u00ean \u0111\u01b0\u1ee3c ch\u1ee9ng nh\u1eadn b\u1edfi <a href=\"https:\/\/www.ngh.net\/\" target=\"_blank\" rel=\"noopener\">National Guild Of Hypnotists (NGH)<\/a>.<\/p>\n<a href=\"\/vi\/lien-he\/\" class=\"button primary lowercase\"  style=\"border-radius:99px;\">\n\t\t<span>Li\u00ean h\u1ec7 v\u1edbi ch\u00fang t\u00f4i<\/span>\n\t<\/a>\n\n<a href=\"https:\/\/boka.se\/KlassiskHomeopati\" class=\"button primary lowercase\" style=\"border-radius:99px;\" target=\"_blank\" rel=\"noopener\">\n\t\t<span>\u0110\u1eb7t l\u1ecbch \u0111i\u1ec1u tr\u1ecb<\/span>\n\t<\/a>\n\n\t\t<\/div>\n\t\t\t\t\n<style>\n#col-1235912964 > .col-inner {\n  max-width: 553px;\n}\n<\/style>\n\t<\/div>\n\n\t\n\n\t<div id=\"col-2081310515\" class=\"col col-right-about pb-0 medium-5 small-12 large-5\"  >\n\t\t\t\t<div class=\"col-inner\"  >\n\t\t\t\n\t\t\t\n\t<div class=\"img has-hover x md-x lg-x y md-y lg-y\" id=\"image_52783360\">\n\t\t\t\t\t\t\t\t<div class=\"img-inner dark\" >\n\t\t\t<img loading=\"lazy\" decoding=\"async\" width=\"2560\" height=\"1707\" src=\"https:\/\/nbhypnos.com\/wp-content\/uploads\/2025\/09\/Nhung-19-scaled.jpg\" class=\"attachment-original size-original\" alt=\"\" srcset=\"https:\/\/nbhypnos.com\/wp-content\/uploads\/2025\/09\/Nhung-19-scaled.jpg 2560w, https:\/\/nbhypnos.com\/wp-content\/uploads\/2025\/09\/Nhung-19-300x200.jpg 300w, https:\/\/nbhypnos.com\/wp-content\/uploads\/2025\/09\/Nhung-19-1024x683.jpg 1024w, https:\/\/nbhypnos.com\/wp-content\/uploads\/2025\/09\/Nhung-19-768x512.jpg 768w, https:\/\/nbhypnos.com\/wp-content\/uploads\/2025\/09\/Nhung-19-1536x1024.jpg 1536w, https:\/\/nbhypnos.com\/wp-content\/uploads\/2025\/09\/Nhung-19-2048x1365.jpg 2048w\" sizes=\"auto, (max-width: 2560px) 100vw, 2560px\" \/>\t\t\t\t\t\t\n\t\t\t\t\t<\/div>\n\t\t\t\t\t\t\t\t\n<style>\n#image_52783360 {\n  width: 100%;\n}\n<\/style>\n\t<\/div>\n\t\n\t\t<\/div>\n\t\t\t\t\n<style>\n#col-2081310515 > .col-inner {\n  max-width: 469px;\n}\n<\/style>\n\t<\/div>\n\n\t\n<\/div>\n\t\t<\/div>\n\n\t\t\n<style>\n#section_723299942 {\n  padding-top: 60px;\n  padding-bottom: 60px;\n}\n<\/style>\n\t<\/section>\n\t\n\n\t<section class=\"section\" id=\"section_2057352466\">\n\t\t<div class=\"section-bg fill\" >\n\t\t\t\t\t\t\t\t\t\n\t\t\t\n\n\t\t<\/div>\n\n\t\t\n\n\t\t<div class=\"section-content relative\">\n\t\t\t\n<div class=\"row align-equal align-center list-service-css\"  id=\"row-1085348389\">\n\n\t<div id=\"col-528594647\" class=\"col medium-6 small-12 large-6\"  >\n\t\t\t\t<div class=\"col-inner\"  >\n\t\t\t\n\t\t\t\n\t<div id=\"text-3505687445\" class=\"text\">\n\t\t\n<h2>Th\u00f4i mi\u00ean<\/h2>\n<p>T\u1eeb \u201cth\u00f4i mi\u00ean\u201d l\u00e0 m\u1ed9t t\u1eeb kh\u00e1 n\u1eb7ng n\u1ec1 v\u00e0 m\u1ed9t s\u1ed1 ng\u01b0\u1eddi c\u1ea3m th\u1ea5y s\u1ee3 h\u00e3i v\u00ec h\u1ecd c\u00f3 quan ni\u1ec7m r\u1eb1ng th\u00f4i mi\u00ean l\u00e0 m\u1ed9t th\u1ee9 g\u00ec \u0111\u00f3 kh\u00e1c v\u1edbi th\u1ef1c t\u1ebf.<br data-start=\"223\" data-end=\"226\" \/>Trong th\u1ebf k\u1ef7 20 cho \u0111\u1ebfn kho\u1ea3ng n\u0103m 1990, g\u1ea7n nh\u01b0 ch\u1ec9 c\u00f3 nam gi\u1edbi th\u1ef1c h\u00e0nh th\u00f4i mi\u00ean. \u00cdt nh\u1ea5t l\u00e0 t\u00f4i ch\u01b0a bao gi\u1edd nghe n\u00f3i \u0111\u1ebfn ph\u1ee5 n\u1eef l\u00e0m ngh\u1ec1 th\u00f4i mi\u00ean tr\u01b0\u1edbc \u0111\u00f3&#8230;<\/p>\n\t\t\n<style>\n#text-3505687445 {\n  text-align: left;\n  color: rgb(0,0,0);\n}\n#text-3505687445 > * {\n  color: rgb(0,0,0);\n}\n<\/style>\n\t<\/div>\n\t\n<a href=\"\/vi\/thoi-mien\/\" class=\"button primary\"  style=\"border-radius:99px;\">\n\t\t<span>\u0110\u1ecdc th\u00eam<\/span>\n\t<\/a>\n\n\t\t<\/div>\n\t\t\t\t\t<\/div>\n\n\t\n\n\t<div id=\"col-1625101162\" class=\"col medium-6 small-12 large-6\"  >\n\t\t\t\t<div class=\"col-inner\"  >\n\t\t\t\n\t\t\t\n\t<div id=\"text-3153756939\" class=\"text\">\n\t\t\n<h2>Vi l\u01b0\u1ee3ng \u0111\u1ed3ng c\u0103n c\u1ed5 \u0111i\u1ec3n<\/h2>\n<p>B\u1ea1n c\u00f3 c\u1ea3m th\u1ea5y ki\u1ec7t s\u1ee9c, c\u0103ng th\u1eb3ng ho\u1eb7c m\u1ea5t c\u00e2n b\u1eb1ng?<br data-start=\"502\" data-end=\"505\" \/>Ch\u00fang ta \u0111ang s\u1ed1ng trong m\u1ed9t th\u1ebf gi\u1edbi h\u1ed1i h\u1ea3, n\u01a1i r\u1ea5t d\u1ec5 c\u1ea3m th\u1ea5y cho\u00e1ng ng\u1ee3p.<br data-start=\"583\" data-end=\"586\" \/>C\u00e1c ph\u01b0\u01a1ng ph\u00e1p \u0111i\u1ec1u tr\u1ecb truy\u1ec1n th\u1ed1ng \u0111\u00f4i khi c\u00f3 th\u1ec3 ch\u01b0a \u0111\u1ee7 ho\u1eb7c g\u00e2y th\u00eam g\u00e1nh n\u1eb7ng cho c\u01a1 th\u1ec3.<br data-start=\"682\" data-end=\"685\" \/>Vi l\u01b0\u1ee3ng \u0111\u1ed3ng c\u0103n mang \u0111\u1ebfn m\u1ed9t con \u0111\u01b0\u1eddng t\u1ef1 nhi\u00ean v\u00e0 to\u00e0n di\u1ec7n \u0111\u1ec3 ch\u1eefa l\u00e0nh, \u0111\u01b0\u1ee3c \u0111i\u1ec1u ch\u1ec9nh ri\u00eang cho nhu c\u1ea7u \u0111\u1ed9c \u0111\u00e1o c\u1ee7a b\u1ea1n&#8230;<\/p>\n\t\t\n<style>\n#text-3153756939 {\n  text-align: left;\n  color: rgb(0,0,0);\n}\n#text-3153756939 > * {\n  color: rgb(0,0,0);\n}\n<\/style>\n\t<\/div>\n\t\n<a href=\"\/vi\/lieu-phap-chua-benh-bang-vi-luong-co-dien\/\" target=\"_blank\" class=\"button primary\" rel=\"noopener\"  style=\"border-radius:99px;\">\n\t\t<span>\u0110\u1ecdc th\u00eam<\/span>\n\t<\/a>\n\n\t\t<\/div>\n\t\t\t\t\t<\/div>\n\n\t\n\n\t<div id=\"col-942019121\" class=\"col medium-6 small-12 large-6\"  >\n\t\t\t\t<div class=\"col-inner\"  >\n\t\t\t\n\t\t\t\n\t<div id=\"text-3589204711\" class=\"text\">\n\t\t\n<h2>Li\u1ec7u ph\u00e1p t\u1ea7n s\u1ed1<\/h2>\n<p>Li\u1ec7u ph\u00e1p c\u1ed9ng h\u01b0\u1edfng sinh h\u1ecdc\/t\u1ea7n s\u1ed1 Oberon c\u00f3 th\u1ec3 \u0111\u01b0\u1ee3c s\u1eed d\u1ee5ng c\u1ea3 cho ph\u00e2n t\u00edch v\u00e0 c\u00e2n b\u1eb1ng c\u00e1c ch\u1ee9c n\u0103ng c\u1ee7a c\u01a1 th\u1ec3.<br data-start=\"224\" data-end=\"227\" \/>B\u1eb1ng c\u00e1ch \u0111\u1ecdc c\u00e1c m\u1eabu t\u1ea7n s\u1ed1 v\u00e0 s\u1ef1 sai l\u1ec7ch c\u1ee7a t\u1ebf b\u00e0o, ch\u00fang ta c\u00f3 th\u1ec3 th\u1ea5y \u0111i\u1ec1u g\u00ec c\u1ea7n \u0111\u01b0\u1ee3c c\u00e2n b\u1eb1ng v\u00e0 b\u1eb1ng c\u00e1ch n\u00e0o.<br data-start=\"347\" data-end=\"350\" \/>Nh\u1eefng sai l\u1ec7ch n\u00e0y l\u00e0 duy nh\u1ea5t, v\u00ec v\u1eady s\u1ef1 c\u00e2n b\u1eb1ng c\u0169ng s\u1ebd \u0111\u1ed9c nh\u1ea5t v\u00e0 \u0111\u01b0\u1ee3c \u0111i\u1ec1u ch\u1ec9nh ri\u00eang cho b\u1ea1n&#8230;<\/p>\n\t\t\n<style>\n#text-3589204711 {\n  text-align: left;\n  color: rgb(0,0,0);\n}\n#text-3589204711 > * {\n  color: rgb(0,0,0);\n}\n<\/style>\n\t<\/div>\n\t\n<a href=\"\/vi\/lieu-phap-tan-so\/\" target=\"_blank\" class=\"button primary\" rel=\"noopener\"  style=\"border-radius:99px;\">\n\t\t<span>\u0110\u1ecdc th\u00eam<\/span>\n\t<\/a>\n\n\t\t<\/div>\n\t\t\t\t\t<\/div>\n\n\t\n\n\t<div id=\"col-1036457718\" class=\"col medium-6 small-12 large-6\"  >\n\t\t\t\t<div class=\"col-inner\"  >\n\t\t\t\n\t\t\t\n\t<div id=\"text-1103913318\" class=\"text\">\n\t\t\n<h2>Chi\u00eam tinh ti\u1ebfn h\u00f3a<\/h2>\n<p>Bi\u1ec3u \u0111\u1ed3 sinh c\u1ee7a b\u1ea1n gi\u1ed1ng nh\u01b0 m\u1ed9t d\u1ea5u v\u00e2n tay \u2013 \u0111\u1ed9c nh\u1ea5t v\u00e0 c\u00e1 nh\u00e2n.<br data-start=\"574\" data-end=\"577\" \/>N\u00f3 nhi\u1ec1u h\u01a1n r\u1ea5t nhi\u1ec1u so v\u1edbi m\u1ed9t t\u1eadp h\u1ee3p nh\u1eefng \u0111\u1eb7c \u0111i\u1ec3m t\u00ednh c\u00e1ch ng\u1eabu nhi\u00ean.<br data-start=\"655\" data-end=\"658\" \/>\u0110\u00e2y l\u00e0 h\u1ed9p c\u00f4ng c\u1ee5 c\u1ee7a ri\u00eang b\u1ea1n, ch\u1ee9a \u0111\u1ea7y t\u00e0i n\u0103ng, gi\u1edbi h\u1ea1n v\u00e0 c\u01a1 h\u1ed9i m\u00e0 b\u1ea1n \u0111\u01b0\u1ee3c sinh ra c\u00f9ng v\u1edbi n\u00f3.<br data-start=\"762\" data-end=\"765\" \/>B\u1eb1ng c\u00e1ch gi\u1ea3i m\u00e3 bi\u1ec3u \u0111\u1ed3 sinh, ch\u00fang ta c\u00f3 th\u1ec3 kh\u00e1m ph\u00e1 b\u1ea1n \u1edf \u0111\u00e2y \u0111\u1ec3 l\u00e0m g\u00ec, b\u1ea1n c\u1ea7n g\u00ec \u0111\u1ec3 t\u00ecm th\u1ea5y h\u1ea1nh ph\u00fac, v\u00e0 t\u1ea1i sao m\u1ed9t s\u1ed1&#8230;<\/p>\n\t\t\n<style>\n#text-1103913318 {\n  text-align: left;\n  color: rgb(0,0,0);\n}\n#text-1103913318 > * {\n  color: rgb(0,0,0);\n}\n<\/style>\n\t<\/div>\n\t\n<a href=\"\/vi\/chiem-tinh-hoc-tien-hoa\/\" target=\"_blank\" class=\"button primary\" rel=\"noopener\"  style=\"border-radius:99px;\">\n\t\t<span>\u0110\u1ecdc th\u00eam<\/span>\n\t<\/a>\n\n\t\t<\/div>\n\t\t\t\t\t<\/div>\n\n\t\n\n\t<div id=\"col-782088413\" class=\"col small-12 large-12\"  >\n\t\t\t\t<div class=\"col-inner\"  >\n\t\t\t\n\t\t\t\n\t<div id=\"text-573376255\" class=\"text\">\n\t\t\n<h2>Ch\u1eefa l\u00e0nh b\u1eb1ng Reiki<\/h2>\n<p data-start=\"61\" data-end=\"446\">Reiki l\u00e0 m\u1ed9t ph\u01b0\u01a1ng ph\u00e1p tr\u1ecb li\u1ec7u nh\u1eb9 nh\u00e0ng nh\u01b0ng \u0111\u1ed3ng th\u1eddi hi\u1ec7u qu\u1ea3 trong c\u00e1c tr\u01b0\u1eddng h\u1ee3p nh\u01b0 \u0111au \u0111\u1edbn, c\u0103ng th\u1eb3ng, lo \u00e2u c\u0169ng nh\u01b0 nh\u1eefng \u00e1p l\u1ef1c th\u1ec3 ch\u1ea5t v\u00e0 tinh th\u1ea7n.<br data-start=\"269\" data-end=\"272\" \/>Reiki ho\u1ea1t \u0111\u1ed9ng c\u00f9ng v\u1edbi c\u00e1c qu\u00e1 tr\u00ecnh t\u1ef1 ch\u1eefa l\u00e0nh t\u1ef1 nhi\u00ean c\u1ee7a c\u01a1 th\u1ec3 v\u00e0 b\u1ed5 sung ngu\u1ed3n n\u0103ng l\u01b0\u1ee3ng \u2013 m\u1ed9t ph\u01b0\u01a1ng ph\u00e1p v\u1edbi nhi\u1ec1u \u1ee9ng d\u1ee5ng trong x\u00e3 h\u1ed9i hi\u1ec7n \u0111\u1ea1i c\u1ee7a ch\u00fang ta.<\/p>\n<p data-start=\"448\" data-end=\"706\">Reiki ho\u1ea1t \u0111\u1ed9ng tr\u00ean nhi\u1ec1u c\u1ea5p \u0111\u1ed9 c\u00f9ng l\u00fac: m\u1ed9t ph\u1ea7n th\u00f4ng qua s\u1ef1 ch\u1ea1m tr\u1ef1c ti\u1ebfp, gi\u00fap k\u00edch ho\u1ea1t c\u00e1c \u201chormone h\u1ea1nh ph\u00fac\u201d trong c\u01a1 th\u1ec3 nh\u01b0 oxytocin, m\u1ed9t ph\u1ea7n th\u00f4ng qua h\u1ec7 th\u1ed1ng n\u0103ng l\u01b0\u1ee3ng vi t\u1ebf c\u1ee7a c\u01a1 th\u1ec3, t\u01b0\u01a1ng t\u1ef1 nh\u01b0 c\u00e1c ph\u01b0\u01a1ng ph\u00e1p ch\u00e2m c\u1ee9u v\u00e0 b\u1ea5m huy\u1ec7t.<\/p>\n\t\t\n<style>\n#text-573376255 {\n  text-align: left;\n  color: rgb(0,0,0);\n}\n#text-573376255 > * {\n  color: rgb(0,0,0);\n}\n<\/style>\n\t<\/div>\n\t\n<a href=\"\/vi\/lieu-phap-chua-lanh-reiki\/\" target=\"_blank\" class=\"button primary\" rel=\"noopener\"  style=\"border-radius:99px;\">\n\t\t<span>\u0110\u1ecdc th\u00eam<\/span>\n\t<\/a>\n\n\t\t<\/div>\n\t\t\t\t\t<\/div>\n\n\t\n<\/div>\n\t\t<\/div>\n\n\t\t\n<style>\n#section_2057352466 {\n  padding-top: 30px;\n  padding-bottom: 30px;\n}\n<\/style>\n\t<\/section>\n\t\n","protected":false},"excerpt":{"rendered":"","protected":false},"author":1,"featured_media":0,"parent":0,"menu_order":0,"comment_status":"closed","ping_status":"closed","template":"page-blank.php","meta":{"footnotes":""},"class_list":["post-431","page","type-page","status-publish","hentry"],"_links":{"self":[{"href":"https:\/\/nbhypnos.com\/vi\/wp-json\/wp\/v2\/pages\/431","targetHints":{"allow":["GET"]}}],"collection":[{"href":"https:\/\/nbhypnos.com\/vi\/wp-json\/wp\/v2\/pages"}],"about":[{"href":"https:\/\/nbhypnos.com\/vi\/wp-json\/wp\/v2\/types\/page"}],"author":[{"embeddable":true,"href":"https:\/\/nbhypnos.com\/vi\/wp-json\/wp\/v2\/users\/1"}],"replies":[{"embeddable":true,"href":"https:\/\/nbhypnos.com\/vi\/wp-json\/wp\/v2\/comments?post=431"}],"version-history":[{"count":10,"href":"https:\/\/nbhypnos.com\/vi\/wp-json\/wp\/v2\/pages\/431\/revisions"}],"predecessor-version":[{"id":1097,"href":"https:\/\/nbhypnos.com\/vi\/wp-json\/wp\/v2\/pages\/431\/revisions\/1097"}],"wp:attachment":[{"href":"https:\/\/nbhypnos.com\/vi\/wp-json\/wp\/v2\/media?parent=431"}],"curies":[{"name":"wp","href":"https:\/\/api.w.org\/{rel}","templated":true}]}}